{"id":56544,"date":"2017-06-30T02:26:08","date_gmt":"2017-06-29T23:26:08","guid":{"rendered":"https:\/\/www.jaicom.com\/tietoa-meista\/"},"modified":"2020-11-13T12:58:21","modified_gmt":"2020-11-13T10:58:21","slug":"om-oss","status":"publish","type":"page","link":"https:\/\/www.jaicom.com\/sv\/om-oss\/","title":{"rendered":"Om oss"},"content":{"rendered":"<p>[vc_row row_height_percent=&#8221;20&#8243; override_padding=&#8221;yes&#8221; h_padding=&#8221;2&#8243; top_padding=&#8221;4&#8243; bottom_padding=&#8221;4&#8243; overlay_alpha=&#8221;50&#8243; gutter_size=&#8221;4&#8243; shift_y=&#8221;0&#8243;][vc_column width=&#8221;7\/12&#8243;][vc_column_text]<\/p>\n<h2>Jaicom Oy<\/h2>\n<p><strong>Jaicom<\/strong> \u00e4r ett ledande nordiskt f\u00f6retag inom abonnemangssystem. Vi har marknadens bredaste service- och produktutbud som f\u00f6rutom programvara inkluderar m\u00e5ngsidiga tj\u00e4nster f\u00f6r tidningsf\u00f6rlag och organisationer.<\/p>\n<h4>Internationell akt\u00f6r<\/h4>\n<p>\u00d6ver 400 tidningar hanterar sina prenumerationer och sin distribution med Jaicoms produkter och tj\u00e4nster. Vi har kontor p\u00e5 tio orter i Norden samt verksamhet i flera europeiska l\u00e4nder, bland annat England och Tyskland. Jaicom erbjuder sina kunder b\u00e5de f\u00e4rdiga produkter och mjukvaruutveckling.<\/p>\n<h4>Starkt partnern\u00e4t<\/h4>\n<p>F\u00f6r att garantera v\u00e5ra kunder de b\u00e4sta m\u00f6jliga tj\u00e4nsterna p\u00e5 ett flexibelt s\u00e4tt har vi l\u00e5ngvariga partnerskap med ett antal betydande teknikleverant\u00f6rer.[\/vc_column_text][\/vc_column][vc_column width=&#8221;5\/12&#8243;][uncode_block id=&#8221;55889&#8243; inside_column=&#8221;yes&#8221;][vc_row_inner][vc_column_inner width=&#8221;1\/2&#8243;][\/vc_column_inner][vc_column_inner width=&#8221;1\/2&#8243;][\/vc_column_inner][\/vc_row_inner][\/vc_column][\/vc_row]<\/p>\n","protected":false},"excerpt":{"rendered":"<p>[vc_row row_height_percent=&#8221;20&#8243; override_padding=&#8221;yes&#8221; h_padding=&#8221;2&#8243; top_padding=&#8221;4&#8243; bottom_padding=&#8221;4&#8243; overlay_alpha=&#8221;50&#8243; gutter_size=&#8221;4&#8243; shift_y=&#8221;0&#8243;][vc_column width=&#8221;7\/12&#8243;][vc_column_text] Jaicom Oy Jaicom \u00e4r ett ledande nordiskt f\u00f6retag inom abonnemangssystem. [&hellip;]<\/p>\n","protected":false},"author":1,"featured_media":0,"parent":0,"menu_order":0,"comment_status":"closed","ping_status":"closed","template":"","meta":{"footnotes":""},"class_list":["post-56544","page","type-page","status-publish","hentry"],"_links":{"self":[{"href":"https:\/\/www.jaicom.com\/sv\/wp-json\/wp\/v2\/pages\/56544","targetHints":{"allow":["GET"]}}],"collection":[{"href":"https:\/\/www.jaicom.com\/sv\/wp-json\/wp\/v2\/pages"}],"about":[{"href":"https:\/\/www.jaicom.com\/sv\/wp-json\/wp\/v2\/types\/page"}],"author":[{"embeddable":true,"href":"https:\/\/www.jaicom.com\/sv\/wp-json\/wp\/v2\/users\/1"}],"replies":[{"embeddable":true,"href":"https:\/\/www.jaicom.com\/sv\/wp-json\/wp\/v2\/comments?post=56544"}],"version-history":[{"count":8,"href":"https:\/\/www.jaicom.com\/sv\/wp-json\/wp\/v2\/pages\/56544\/revisions"}],"predecessor-version":[{"id":57358,"href":"https:\/\/www.jaicom.com\/sv\/wp-json\/wp\/v2\/pages\/56544\/revisions\/57358"}],"wp:attachment":[{"href":"https:\/\/www.jaicom.com\/sv\/wp-json\/wp\/v2\/media?parent=56544"}],"curies":[{"name":"wp","href":"https:\/\/api.w.org\/{rel}","templated":true}]}}