{"id":56521,"date":"2017-08-25T00:08:06","date_gmt":"2017-08-24T21:08:06","guid":{"rendered":"https:\/\/www.jaicom.com\/palvelut\/tulostuspalvelut\/"},"modified":"2023-10-18T16:17:36","modified_gmt":"2023-10-18T13:17:36","slug":"tulostuspalvelut","status":"publish","type":"page","link":"https:\/\/www.jaicom.com\/sv\/tjanster\/tulostuspalvelut\/","title":{"rendered":"Tulostuspalvelut"},"content":{"rendered":"<p>[vc_row row_height_percent=&#8221;0&#8243; back_color=&#8221;color-xsdn&#8221; overlay_alpha=&#8221;80&#8243; gutter_size=&#8221;3&#8243; shift_y=&#8221;0&#8243; row_name=&#8221;asiakashallinta&#8221;][vc_column column_width_percent=&#8221;100&#8243; gutter_size=&#8221;3&#8243; overlay_alpha=&#8221;50&#8243; shift_x=&#8221;0&#8243; shift_y=&#8221;0&#8243; z_index=&#8221;0&#8243; medium_width=&#8221;0&#8243; width=&#8221;7\/12&#8243;][vc_column_text uncode_shortcode_id=&#8221;286971&#8243;]<\/p>\n<h4>Tulostuspalvelu<\/h4>\n<p>Kirjeiden tulostaminen, kuorittaminen ja postittaminen ovat hidasta ja aikaa viev\u00e4\u00e4 ty\u00f6t\u00e4. Anna me hoidamme koko tulostusprosessin puolestasi. L\u00e4het\u00e4mme kirjeesi nopeasti ja laadukkaasti.<\/p>\n<p>Kirjeesi voi olla lasku, asiakastiedote, j\u00e4senkirje tai joku muu viesti. L\u00e4hetett\u00e4v\u00e4 dokumentti voi olla joko MS Word tai PDF -formaatissa. PDF-aineiston hy\u00f6dynt\u00e4minen soveltuu yrityksille, jotka haluavat itse yll\u00e4pit\u00e4\u00e4 ja hallinnoida kirjeiden ulkoasua. Yhdist\u00e4mme valmiin dokumentin postituslistasi kanssa, tulostamme, kuoritamme ja hoidamme jakelun. Palvelu toteutetaan yhteisty\u00f6ss\u00e4 Telian kanssa.<\/p>\n<h4>Pienl\u00e4hetys<\/h4>\n<p>Oletko l\u00e4hett\u00e4m\u00e4ss\u00e4 tilaajalahjoja, tuoten\u00e4ytteit\u00e4, kirjoja, dvd-levyj\u00e4, vaatteita, luetteloita tai muita esineit\u00e4?<\/p>\n<p>Pienl\u00e4hetys on kustannustehokas ja vaivaton ratkaisu ilman erillist\u00e4 osoitekorttia. Sen avulla voit l\u00e4hett\u00e4\u00e4 kevytt\u00e4 pientavaraa kotimaassa. L\u00e4hetys voi olla kotelon, laatikon, kuoren tai esitteen muotoinen ja se jaetaan vastaanottajalle p\u00e4iv\u00e4postin mukana.<\/p>\n<h5>Kokovaatimukset<\/h5>\n<table id=\"tulostus\">\n<tbody>\n<tr class=\"row-1 odd\">\n<td class=\"column-1\"><strong>Enimm\u00e4ispaino<\/strong><\/td>\n<td class=\"column-2\">2 kg<\/td>\n<\/tr>\n<tr class=\"row-2 even\">\n<td class=\"column-1\"><strong>Enimm\u00e4ismitat<\/strong><\/td>\n<td class=\"column-2\">250 mm x 353 mm x 30 mm<\/td>\n<\/tr>\n<tr class=\"row-3 odd\">\n<td class=\"column-1\"><strong>V\u00e4himm\u00e4ismitat<\/strong><\/td>\n<td class=\"column-2\">110 mm x 156 mm x 0,2 mm<\/td>\n<\/tr>\n<\/tbody>\n<\/table>\n<p>[\/vc_column_text][\/vc_column][vc_column column_width_percent=&#8221;100&#8243; gutter_size=&#8221;3&#8243; overlay_alpha=&#8221;50&#8243; shift_x=&#8221;0&#8243; shift_y=&#8221;0&#8243; z_index=&#8221;0&#8243; medium_width=&#8221;0&#8243; width=&#8221;5\/12&#8243;][uncode_block id=&#8221;55889&#8243; inside_column=&#8221;yes&#8221;][vc_row_inner row_inner_height_percent=&#8221;0&#8243; overlay_alpha=&#8221;50&#8243; gutter_size=&#8221;3&#8243; border_color=&#8221;color-366523&#8243; border_style=&#8221;solid&#8221; shift_y=&#8221;0&#8243; css=&#8221;.vc_custom_1504012853273{border-top-width: 1px !important;border-right-width: 1px !important;border-bottom-width: 1px !important;border-left-width: 1px !important;padding-top: 18px !important;padding-right: 15px !important;padding-bottom: 25px !important;padding-left: 20px !important;}&#8221;][vc_column_inner width=&#8221;1\/1&#8243;][vc_custom_heading text_color=&#8221;color-xsdn&#8221;]<\/p>\n<h3>Miten hy\u00f6dyt:<\/h3>\n<p>[\/vc_custom_heading][vc_column_text]<\/p>\n<ul class=\"icons\">\n<li><i class=\"fa fa-check-circle-o text-color-123249-color\"><\/i>Varmistat nopeuden ja joustavuuden luotettavuudesta tinkim\u00e4tt\u00e4<\/li>\n<li><i class=\"fa fa-check-circle-o text-color-123249-color\"><\/i>Saat kustannustehokkaan palvelun<\/li>\n<li><i class=\"fa fa-check-circle-o text-color-123249-color\"><\/i>Ulkoistamalla tehostat omaa ydinliiketoimintaasi<\/li>\n<\/ul>\n<p>[\/vc_column_text][\/vc_column_inner][\/vc_row_inner][\/vc_column][\/vc_row][vc_row row_height_percent=&#8221;0&#8243; back_color=&#8221;color-681190&#8243; overlay_alpha=&#8221;0&#8243; gutter_size=&#8221;3&#8243; shift_y=&#8221;0&#8243;][vc_column column_width_percent=&#8221;100&#8243; position_horizontal=&#8221;left&#8221; position_vertical=&#8221;middle&#8221; align_horizontal=&#8221;align_right&#8221; gutter_size=&#8221;3&#8243; overlay_alpha=&#8221;50&#8243; shift_x=&#8221;0&#8243; shift_y=&#8221;0&#8243; z_index=&#8221;0&#8243; medium_width=&#8221;0&#8243; width=&#8221;1\/1&#8243;][vc_button button_color=&#8221;color-932394&#8243; size=&#8221;btn-xl&#8221; border_width=&#8221;0&#8243; el_class=&#8221;hundred&#8221; link=&#8221;url:https%3A%2F%2Fjaicom-com.hel7.wp-cloud.dev%2Fpalvelut%2F|||&#8221; button_color_type=&#8221;uncode-palette&#8221; uncode_shortcode_id=&#8221;737962&#8243;]Katso kaikki palvelut \u00bb[\/vc_button][\/vc_column][\/vc_row]<\/p>\n","protected":false},"excerpt":{"rendered":"<p>[vc_row row_height_percent=&#8221;0&#8243; back_color=&#8221;color-xsdn&#8221; overlay_alpha=&#8221;80&#8243; gutter_size=&#8221;3&#8243; shift_y=&#8221;0&#8243; row_name=&#8221;asiakashallinta&#8221;][vc_column column_width_percent=&#8221;100&#8243; gutter_size=&#8221;3&#8243; overlay_alpha=&#8221;50&#8243; shift_x=&#8221;0&#8243; shift_y=&#8221;0&#8243; z_index=&#8221;0&#8243; medium_width=&#8221;0&#8243; width=&#8221;7\/12&#8243;][vc_column_text uncode_shortcode_id=&#8221;286971&#8243;] Tulostuspalvelu Kirjeiden tulostaminen, kuorittaminen [&hellip;]<\/p>\n","protected":false},"author":1,"featured_media":0,"parent":56331,"menu_order":0,"comment_status":"open","ping_status":"closed","template":"","meta":{"footnotes":""},"class_list":["post-56521","page","type-page","status-publish","hentry"],"_links":{"self":[{"href":"https:\/\/www.jaicom.com\/sv\/wp-json\/wp\/v2\/pages\/56521","targetHints":{"allow":["GET"]}}],"collection":[{"href":"https:\/\/www.jaicom.com\/sv\/wp-json\/wp\/v2\/pages"}],"about":[{"href":"https:\/\/www.jaicom.com\/sv\/wp-json\/wp\/v2\/types\/page"}],"author":[{"embeddable":true,"href":"https:\/\/www.jaicom.com\/sv\/wp-json\/wp\/v2\/users\/1"}],"replies":[{"embeddable":true,"href":"https:\/\/www.jaicom.com\/sv\/wp-json\/wp\/v2\/comments?post=56521"}],"version-history":[{"count":4,"href":"https:\/\/www.jaicom.com\/sv\/wp-json\/wp\/v2\/pages\/56521\/revisions"}],"predecessor-version":[{"id":57576,"href":"https:\/\/www.jaicom.com\/sv\/wp-json\/wp\/v2\/pages\/56521\/revisions\/57576"}],"up":[{"embeddable":true,"href":"https:\/\/www.jaicom.com\/sv\/wp-json\/wp\/v2\/pages\/56331"}],"wp:attachment":[{"href":"https:\/\/www.jaicom.com\/sv\/wp-json\/wp\/v2\/media?parent=56521"}],"curies":[{"name":"wp","href":"https:\/\/api.w.org\/{rel}","templated":true}]}}