{"id":56499,"date":"2017-08-24T23:58:00","date_gmt":"2017-08-24T20:58:00","guid":{"rendered":"https:\/\/www.jaicom.com\/palvelut\/hosting-ja-konesalipalvelut\/"},"modified":"2024-01-26T09:17:41","modified_gmt":"2024-01-26T07:17:41","slug":"hosting-och-datahallar","status":"publish","type":"page","link":"https:\/\/www.jaicom.com\/sv\/tjanster\/hosting-och-datahallar\/","title":{"rendered":"Hosting och datahallar"},"content":{"rendered":"<p>[vc_row row_height_percent=&#8221;0&#8243; back_color=&#8221;color-xsdn&#8221; overlay_alpha=&#8221;80&#8243; gutter_size=&#8221;3&#8243; shift_y=&#8221;0&#8243; row_name=&#8221;asiakashallinta&#8221;][vc_column column_width_percent=&#8221;100&#8243; gutter_size=&#8221;3&#8243; overlay_alpha=&#8221;50&#8243; shift_x=&#8221;0&#8243; shift_y=&#8221;0&#8243; z_index=&#8221;0&#8243; medium_width=&#8221;0&#8243; width=&#8221;7\/12&#8243;][vc_column_text]Vi erbjuder h\u00f6gklassiga serverresurser och tillh\u00f6rande tj\u00e4nster f\u00f6r f\u00f6retag.\u2028 Som kund kan du v\u00e4lja mellan virtuella servrar och dedikerade fysiska servrar. V\u00e5ra specialister tar hand om installation och underh\u00e5ll, vilket g\u00f6r det enkelt och f\u00f6rm\u00e5nligt att b\u00f6rja anv\u00e4nda tj\u00e4nsten. En virtuell server g\u00e5r snabbt att s\u00e4tta upp och \u00e4r anpassningsbar efter kundens behov. Inst\u00e4llningarna kan uppdateras och redigeras utan att bes\u00f6ka datorhallen.<\/p>\n<p>Servrarna \u00e4r bel\u00e4gna i en skyddad datorhall i Finland med dubbel internetuppkoppling. Hallarna uppfyller det finska Kommunikationsverkets krav p\u00e5 utrustningsutrymmen av klass 1 och 2<br \/>\n(Kommunikationsverket 54 B\/2014 M).[\/vc_column_text][\/vc_column][vc_column column_width_percent=&#8221;100&#8243; gutter_size=&#8221;3&#8243; overlay_alpha=&#8221;50&#8243; shift_x=&#8221;0&#8243; shift_y=&#8221;0&#8243; z_index=&#8221;0&#8243; medium_width=&#8221;0&#8243; width=&#8221;5\/12&#8243;][uncode_block id=&#8221;55889&#8243; inside_column=&#8221;yes&#8221;][\/vc_column][\/vc_row][vc_row row_height_percent=&#8221;0&#8243; back_color=&#8221;color-681190&#8243; overlay_alpha=&#8221;0&#8243; gutter_size=&#8221;3&#8243; shift_y=&#8221;0&#8243;][vc_column column_width_percent=&#8221;100&#8243; position_horizontal=&#8221;left&#8221; position_vertical=&#8221;middle&#8221; align_horizontal=&#8221;align_right&#8221; gutter_size=&#8221;3&#8243; overlay_alpha=&#8221;50&#8243; shift_x=&#8221;0&#8243; shift_y=&#8221;0&#8243; z_index=&#8221;0&#8243; medium_width=&#8221;0&#8243; width=&#8221;1\/1&#8243;][vc_button button_color=&#8221;color-932394&#8243; size=&#8221;btn-xl&#8221; border_width=&#8221;0&#8243; el_class=&#8221;hundred&#8221; link=&#8221;url:https%3A%2F%2Fwww.jaicom.com%2Fsv%2Ftjanster%2F|title:Tj%C3%A4nster&#8221; button_color_type=&#8221;uncode-palette&#8221; uncode_shortcode_id=&#8221;127788&#8243;]L\u00e4s mer om Jaicoms tj\u00e4nster \u00bb[\/vc_button][\/vc_column][\/vc_row]<\/p>\n","protected":false},"excerpt":{"rendered":"<p>[vc_row row_height_percent=&#8221;0&#8243; back_color=&#8221;color-xsdn&#8221; overlay_alpha=&#8221;80&#8243; gutter_size=&#8221;3&#8243; shift_y=&#8221;0&#8243; row_name=&#8221;asiakashallinta&#8221;][vc_column column_width_percent=&#8221;100&#8243; gutter_size=&#8221;3&#8243; overlay_alpha=&#8221;50&#8243; shift_x=&#8221;0&#8243; shift_y=&#8221;0&#8243; z_index=&#8221;0&#8243; medium_width=&#8221;0&#8243; width=&#8221;7\/12&#8243;][vc_column_text]Vi erbjuder h\u00f6gklassiga serverresurser och tillh\u00f6rande [&hellip;]<\/p>\n","protected":false},"author":1,"featured_media":0,"parent":56331,"menu_order":0,"comment_status":"open","ping_status":"closed","template":"","meta":{"footnotes":""},"class_list":["post-56499","page","type-page","status-publish","hentry"],"_links":{"self":[{"href":"https:\/\/www.jaicom.com\/sv\/wp-json\/wp\/v2\/pages\/56499","targetHints":{"allow":["GET"]}}],"collection":[{"href":"https:\/\/www.jaicom.com\/sv\/wp-json\/wp\/v2\/pages"}],"about":[{"href":"https:\/\/www.jaicom.com\/sv\/wp-json\/wp\/v2\/types\/page"}],"author":[{"embeddable":true,"href":"https:\/\/www.jaicom.com\/sv\/wp-json\/wp\/v2\/users\/1"}],"replies":[{"embeddable":true,"href":"https:\/\/www.jaicom.com\/sv\/wp-json\/wp\/v2\/comments?post=56499"}],"version-history":[{"count":6,"href":"https:\/\/www.jaicom.com\/sv\/wp-json\/wp\/v2\/pages\/56499\/revisions"}],"predecessor-version":[{"id":57631,"href":"https:\/\/www.jaicom.com\/sv\/wp-json\/wp\/v2\/pages\/56499\/revisions\/57631"}],"up":[{"embeddable":true,"href":"https:\/\/www.jaicom.com\/sv\/wp-json\/wp\/v2\/pages\/56331"}],"wp:attachment":[{"href":"https:\/\/www.jaicom.com\/sv\/wp-json\/wp\/v2\/media?parent=56499"}],"curies":[{"name":"wp","href":"https:\/\/api.w.org\/{rel}","templated":true}]}}