{"id":56492,"date":"2017-07-11T09:33:42","date_gmt":"2017-07-11T06:33:42","guid":{"rendered":"https:\/\/www.jaicom.com\/palvelut\/asiakashallintajarjestelma\/"},"modified":"2018-11-26T12:32:45","modified_gmt":"2018-11-26T10:32:45","slug":"abonnemangssystem","status":"publish","type":"page","link":"https:\/\/www.jaicom.com\/sv\/tjanster\/abonnemangssystem\/","title":{"rendered":"Abonnemangssystem"},"content":{"rendered":"<p>[vc_row row_height_percent=&#8221;0&#8243; back_color=&#8221;color-lxmt&#8221; overlay_alpha=&#8221;50&#8243; gutter_size=&#8221;3&#8243; shift_y=&#8221;0&#8243;][vc_column width=&#8221;1\/1&#8243;][vc_raw_html]JTIwJTIwJTIwJTIwJTIwJTIwJTIwJTIwJTIwJTIwJTIwJTIwJTIwJTIwJTNDZGl2JTIwY2xhc3MlM0QlMjJtZW51LWhvcml6b250YWwlMjBtZW51LWxpZ2h0JTIwdGV4dC1jZW50ZXIlMjBhbGFtZW51JTIyJTNFJTBBJTIwJTIwJTIwJTIwJTIwJTIwJTIwJTIwJTIwJTIwJTIwJTIwJTIwJTIwJTIwJTIwJTIwJTIwJTNDdWwlMjBjbGFzcyUzRCUyMm1lbnUtc21hcnQlMjB0ZXh0LXVwcGVyY2FzZSUyMiUzRSUwQSUyMCUyMCUyMCUyMCUyMCUyMCUyMCUyMCUyMCUyMCUyMCUyMCUyMCUyMCUyMCUyMCUyMCUyMCUwQSUwQSUzQ2xpJTIwY2xhc3MlM0QlMjJmaWx0ZXItY2F0LTElMjIlM0UlM0NzcGFuJTNFJTNDYSUyMGhyZWYlM0QlMjIlMjNhc2lha2FzaGFsbGludGElMjIlMjBjbGFzcyUzRCUyMiUyMiUzRUtheWFrJTIwQWJvbm5lbWFuZ3NzeXN0ZW0lM0MlMkZhJTNFJTNDJTJGc3BhbiUzRSUzQyUyRmxpJTNFJTBBJTBBJTIwJTIwJTNDbGklMjBjbGFzcyUzRCUyMmZpbHRlci1jYXQtMyUyMiUzRSUzQ3NwYW4lM0UlM0NhJTIwaHJlZiUzRCUyMiUyM3BsdXMlMjIlMjAlMjBjbGFzcyUzRCUyMiUyMiUzRUtheWFrJTIwUGx1cyUyMC0lMjBQbHVzdGolQzMlQTRuc3RlciUzQyUyRmElM0UlM0MlMkZzcGFuJTNFJTNDJTJGbGklM0UlMEElMEElMjAlM0NsaSUyMGNsYXNzJTNEJTIyZmlsdGVyLWNhdC0yJTIyJTNFJTNDc3BhbiUzRSUzQ2ElMjBocmVmJTNEJTIyJTIzc2FhcyUyMiUyMCUyMGNsYXNzJTNEJTIyJTIyJTNFS2F5YWslMjBDbG91ZCUyMFNlcnZpY2UlM0MlMkZhJTNFJTNDJTJGc3BhbiUzRSUzQyUyRmxpJTNFJTBBJTBBJTBBJTNDJTJGdWwlM0UlMEElMjAlMjAlMjAlMjAlMjAlMjAlMjAlMjAlMjAlMjAlMjAlMjAlMjAlMjAlM0MlMkZkaXYlM0UlMEElMjAlMjAlMjAlMjAlMjAlMjAlMjAlMjAlMjAlMjA=[\/vc_raw_html][\/vc_column][\/vc_row][vc_row row_height_percent=&#8221;0&#8243; back_color=&#8221;color-xsdn&#8221; parallax=&#8221;yes&#8221; overlay_alpha=&#8221;80&#8243; gutter_size=&#8221;3&#8243; shift_y=&#8221;0&#8243; row_name=&#8221;asiakashallinta&#8221;][vc_column column_width_percent=&#8221;100&#8243; position_vertical=&#8221;middle&#8221; overlay_alpha=&#8221;50&#8243; gutter_size=&#8221;3&#8243; medium_width=&#8221;0&#8243; shift_x=&#8221;0&#8243; shift_y=&#8221;0&#8243; z_index=&#8221;0&#8243; width=&#8221;7\/12&#8243;][vc_column_text]<strong>Kayak \u00e4r ett komplett system f\u00f6r hantering av prenumerationer och distribution. Med systemet kan du hantera kundservice f\u00f6r tryckta och digitala tidningar samt fakturering, reskontra, marknadsf\u00f6ring och f\u00f6rs\u00e4ljning. \u00c4ven utskick och distribution av tryckta produkter ing\u00e5r f\u00f6r att garantera en fungerande logistik. F\u00f6r digitala produkter ing\u00e5r l\u00f6sningar och gr\u00e4nssnitt f\u00f6r hantering av anv\u00e4ndarr\u00e4ttigheter med m\u00f6jlighet till riktat inneh\u00e5ll och prenumerationer med hj\u00e4lp av Kayaks centraliserade kunddatabas.<br \/>\n<\/strong><\/p>\n<h4>Designad f\u00f6r anv\u00e4ndarv\u00e4nlighet<\/h4>\n<p>Kayaks anv\u00e4ndargr\u00e4nssnitt \u00e4r s\u00e4rskilt designat tillsamman med anv\u00e4ndbarhetsexperter f\u00f6r att m\u00f6ta behoven inom kundservice. Kundservicemodulen \u00e4r uppdelad i vyer och arbetsfl\u00f6den, designade och testade f\u00f6r att garantera snabb tillg\u00e5ng till all n\u00f6dv\u00e4ndig information och f\u00f6r enkel hantering av prenumerationsf\u00f6r\u00e4ndringar.<\/p>\n<h4>Modernt, effektivt och anpassningsbart<\/h4>\n<p>Kayaks modul\u00e4ra struktur inneb\u00e4r att systemet kan skr\u00e4ddarsys efter behoven p\u00e5 just ditt f\u00f6retag. Anslutningar till andra system och integrationer g\u00e5r enkelt tack vare en \u00f6ppen och flexibel gr\u00e4nssnittsarkitektur. Med Kayaks SOAP\/Web Service-gr\u00e4nssnitt \u00e4r integration mellan olika system i realtid inget problem.<\/p>\n<p>F\u00f6rlaget kan v\u00e4lja att l\u00e5ta Jaicom ta hand om hela kundservicen, fakturering, betalningar samt materialleveranser till tryckeriet. Jaicom erbjuder \u00e4ven sj\u00e4lvserviceportaler som kan skr\u00e4ddarsys f\u00f6r varje tidning. Med oss kan f\u00f6rlaget fokusera p\u00e5 sin k\u00e4rnverksamhet och f\u00f6lja prenumerationernas utveckling genom Jaicoms Business Intelligence- och rapporteringssystem.<\/p>\n<p><strong>Kayak finns \u00e4ven som<a href=\"#saas\"> Private Cloud-l\u00f6sning<\/a>.<\/strong>[\/vc_column_text][\/vc_column][vc_column column_width_percent=&#8221;100&#8243; overlay_alpha=&#8221;50&#8243; gutter_size=&#8221;3&#8243; medium_width=&#8221;0&#8243; shift_x=&#8221;0&#8243; shift_y=&#8221;0&#8243; z_index=&#8221;0&#8243; width=&#8221;5\/12&#8243;][uncode_block id=&#8221;56564&#8243; inside_column=&#8221;yes&#8221;][\/vc_column][\/vc_row][vc_row row_height_percent=&#8221;0&#8243; back_color=&#8221;color-681190&#8243; parallax=&#8221;yes&#8221; overlay_alpha=&#8221;80&#8243; gutter_size=&#8221;3&#8243; shift_y=&#8221;0&#8243; row_name=&#8221;plus&#8221;][vc_column column_width_percent=&#8221;100&#8243; position_vertical=&#8221;middle&#8221; overlay_alpha=&#8221;50&#8243; gutter_size=&#8221;3&#8243; medium_width=&#8221;0&#8243; shift_x=&#8221;0&#8243; shift_y=&#8221;0&#8243; z_index=&#8221;0&#8243; width=&#8221;1\/1&#8243;][vc_row_inner][vc_column_inner width=&#8221;7\/12&#8243;][vc_column_text]<\/p>\n<h2>Kayak Plus<\/h2>\n<h4>Plustj\u00e4nster f\u00f6r en effektivare verksamhet<\/h4>\n<p>Kayak kan kompletteras med Kayak Plus, en servicehelhet med extratj\u00e4nster som effektiviserar f\u00f6retagets kundhantering. Vissa av tj\u00e4nsterna produceras tillsammans med utvalda partners.<br \/>\n[\/vc_column_text][\/vc_column_inner][vc_column_inner width=&#8221;5\/12&#8243;][\/vc_column_inner][\/vc_row_inner][vc_row_inner][vc_column_inner width=&#8221;7\/12&#8243;][vc_column_text]<strong>Kayak Customer Service \/ Kundservice <\/strong><\/p>\n<ul class=\"icons\">\n<li><i class=\"fa fa-check-circle-o text-color-123249-color\"><\/i>Utlokaliserad kundservice, uppf\u00f6ljning och utveckling<\/li>\n<\/ul>\n<p><strong>Kayak Cash Flow \/ Kassafl\u00f6de <\/strong><\/p>\n<ul class=\"icons\">\n<li><i class=\"fa fa-check-circle-o text-color-123249-color\"><\/i>Fakturering, betalnings- och inkassotj\u00e4nster<\/li>\n<\/ul>\n<p><strong>Kayak eService \/ Sj\u00e4lvbetj\u00e4ningssajter<\/strong><\/p>\n<ul class=\"icons\">\n<li><i class=\"fa fa-check-circle-o text-color-123249-color\"><\/i>Sj\u00e4lvbetj\u00e4ningssajter d\u00e4r kunden kan g\u00f6ra best\u00e4llningar samt \u00e4ndra sina personuppgifter, till exempel adressf\u00f6r\u00e4ndringar<\/li>\n<\/ul>\n<p><strong>Kayak SSO \/ Anv\u00e4ndarr\u00e4ttighetshantering f\u00f6r digitalt inneh\u00e5ll<\/strong><\/p>\n<ul class=\"icons\">\n<li><i class=\"fa fa-check-circle-o text-color-123249-color\"><\/i>Jaicoms Single-sign-on modul erbjuder ett n\u00e4tbaserat gr\u00e4nssnitt f\u00f6r hantering av anv\u00e4ndarr\u00e4ttigheter till digitala prenumerationer samt inneh\u00e5ll<\/li>\n<\/ul>\n<p><strong>Kayak <\/strong><strong>Kampanjverktyg \/ Browserbaserat verktyg f\u00f6r hantering av kampanjer<\/strong><\/p>\n<ul class=\"icons\">\n<li><i class=\"fa fa-check-circle-o text-color-123249-color\"><\/i>Ett verktyg som snabbt och enkelt m\u00f6jligg\u00f6r skapande av webbaserade kampanjer. All grundl\u00e4ggande information f\u00f6r skapande av kampanjer lyfts upp fr\u00e5n Kayak varefter bilder och kampanjtexter l\u00e4ggs till.\u00a0 Verktyget innefattar ett admin gr\u00e4nssnitt med vilket man planerar och publicerar kampanjerna utg\u00e5ende fr\u00e5n ett anv\u00e4ndarperspektiv. Verktyget till\u00e5ter \u00e4ven administration av abonnentg\u00e5vor.<\/li>\n<\/ul>\n<p><strong>Kayak Plus BI \/ QlikSense <\/strong><\/p>\n<ul class=\"icons\">\n<li><i class=\"fa fa-check-circle-o text-color-123249-color\"><\/i>Business Intelligence-l\u00f6sningar baserade p\u00e5 QlikSense Technology<\/li>\n<\/ul>\n<p><strong>Kayak Plus CampaignMail <\/strong>(Arena Interactive)<\/p>\n<ul class=\"icons\">\n<li><i class=\"fa fa-check-circle-o text-color-123249-color\"><\/i>CampaignMail m\u00f6jligg\u00f6r env\u00e4gsmeddelanden i marknadsf\u00f6ringssyfte alternativt tv\u00e5v\u00e4gskampanjmeddelanden d\u00e4r mottagaren kan svara genom att v\u00e4lja \u00f6nskat best\u00e4llningsalternativ.<\/li>\n<\/ul>\n<p><strong>Kayak Plus Mobile \/ Mobila l\u00f6sningar\u00a0<\/strong>(Arena Interactive)<\/p>\n<ul class=\"icons\">\n<li><i class=\"fa fa-check-circle-o text-color-123249-color\"><\/i>Mobile Marketing\u00a0 \/ mobila l\u00f6sningar f\u00f6r mediebranschen<\/li>\n<\/ul>\n<p><strong>Kayak Plus Dialog \/ Marketing Automation <\/strong>(Roger Analytics)<\/p>\n<ul class=\"icons\">\n<li><i class=\"fa fa-check-circle-o text-color-123249-color\"><\/i>Kunddialog i realtid med Kayak<\/li>\n<\/ul>\n<p><strong>Kayak Hosting <\/strong><\/p>\n<ul class=\"icons\">\n<li><i class=\"fa fa-check-circle-o text-color-123249-color\"><\/i>S\u00e4ker datahall i Finland<\/li>\n<\/ul>\n<p>[\/vc_column_text][\/vc_column_inner][vc_column_inner column_width_percent=&#8221;100&#8243; gutter_size=&#8221;3&#8243; back_color=&#8221;color-932394&#8243; overlay_alpha=&#8221;50&#8243; medium_width=&#8221;0&#8243; shift_x=&#8221;0&#8243; shift_y=&#8221;0&#8243; z_index=&#8221;0&#8243; width=&#8221;5\/12&#8243; css=&#8221;.vc_custom_1510173745979{padding-top: 20px !important;padding-right: 20px !important;padding-bottom: 20px !important;padding-left: 20px !important;}&#8221;][vc_single_image media=&#8221;56012&#8243; media_lightbox=&#8221;yes&#8221; media_width_percent=&#8221;100&#8243; el_class=&#8221;suurenna&#8221;][\/vc_column_inner][\/vc_row_inner][\/vc_column][\/vc_row][vc_row row_height_percent=&#8221;0&#8243; parallax=&#8221;yes&#8221; overlay_alpha=&#8221;100&#8243; gutter_size=&#8221;3&#8243; shift_y=&#8221;0&#8243; row_name=&#8221;saas&#8221;][vc_column column_width_percent=&#8221;100&#8243; position_vertical=&#8221;middle&#8221; overlay_alpha=&#8221;50&#8243; gutter_size=&#8221;3&#8243; medium_width=&#8221;0&#8243; shift_x=&#8221;0&#8243; shift_y=&#8221;0&#8243; z_index=&#8221;0&#8243; width=&#8221;7\/12&#8243;][vc_column_text]<\/p>\n<h2>Kayak Cloud Service<\/h2>\n<h4>Kayak Abonnemangssystem som Private Cloud Service<\/h4>\n<p>Kayak Cloud \u00e4r enkelt uttryckt en webbaserad version av Kayak, men tj\u00e4nsten \u00e4r anpassningsbar efter kundens behov med alla funktioner som beh\u00f6vs f\u00f6r kundservice, inklusive betalningsuppf\u00f6ljning. Cloud Service \u00e4r ett bra val f\u00f6r f\u00f6rlag av alla storlekar och \u00e4ven ett beh\u00e4ndigt s\u00e4tt f\u00f6r f\u00f6reningar att hantera medlemsdata och s\u00e4lja f\u00f6reningsprodukter.<\/p>\n<h4>L\u00e4tt att anv\u00e4nda<\/h4>\n<ul class=\"icons\">\n<li><i class=\"fa fa-check-circle-o text-color-123249-color\"><\/i>Kayak Cloud kan anv\u00e4ndas n\u00e4r som helst och var som helst \u2013 allt du beh\u00f6ver \u00e4r en webbl\u00e4sare och internetuppkoppling<\/li>\n<li><i class=\"fa fa-check-circle-o text-color-123249-color\"><\/i>Fungerar med Windows\/Mac\/Linux samt p\u00e5 surfplattor<\/li>\n<\/ul>\n<h4>S\u00e4ker<\/h4>\n<ul class=\"icons\">\n<li><i class=\"fa fa-check-circle-o text-color-123249-color\"><\/i>Anv\u00e4ndarens anslutning till systemet \u00e4r krypterad och skyddas med brandv\u00e4gg<\/li>\n<li><i class=\"fa fa-check-circle-o text-color-123249-color\"><\/i>Servrarna och mjukvaran finns i en skyddad datahall i Finland<\/li>\n<li><i class=\"fa fa-check-circle-o text-color-123249-color\"><\/i>Dataskyddet uppdateras kontinuerligt<\/li>\n<\/ul>\n<h4>Helt\u00e4ckande rapportering<\/h4>\n<ul class=\"icons\">\n<li><i class=\"fa fa-check-circle-o text-color-123249-color\"><\/i>Kayak Cloud Service inkluderar utf\u00f6rliga rapporter om upplagor, prenumeranter och betalningar<\/li>\n<\/ul>\n<h4>Kostnadseffektiv<\/h4>\n<ul class=\"icons\">\n<li><i class=\"fa fa-check-circle-o text-color-123249-color\"><\/i>Tj\u00e4nsten inkluderar systemunderh\u00e5ll och support<\/li>\n<li><i class=\"fa fa-check-circle-o text-color-123249-color\"><\/i>Endast en anv\u00e4ndarspecifik m\u00e5nadsavgift<\/li>\n<li><i class=\"fa fa-check-circle-o text-color-123249-color\"><\/i>Kr\u00e4ver inga licens- eller h\u00e5rdvaruinvesteringar<\/li>\n<\/ul>\n<p><strong>Kayak Cloud Service \u2013 skr\u00e4ddarsytt efter dina behov. Enkel att kombinera med alla Kayak Plus-tj\u00e4nster.<\/strong>[\/vc_column_text][\/vc_column][vc_column width=&#8221;5\/12&#8243;][vc_empty_space empty_h=&#8221;2&#8243;][vc_row_inner row_inner_height_percent=&#8221;0&#8243; overlay_alpha=&#8221;50&#8243; gutter_size=&#8221;3&#8243; shift_y=&#8221;0&#8243; border_color=&#8221;color-366523&#8243; border_style=&#8221;solid&#8221; css=&#8221;.vc_custom_1504012853273{border-top-width: 1px !important;border-right-width: 1px !important;border-bottom-width: 1px !important;border-left-width: 1px !important;padding-top: 18px !important;padding-right: 15px !important;padding-bottom: 25px !important;padding-left: 20px !important;}&#8221;][vc_column_inner width=&#8221;1\/1&#8243;][vc_custom_heading text_color=&#8221;color-xsdn&#8221;]<\/p>\n<h3>F\u00f6rdelar<\/h3>\n<p>[\/vc_custom_heading][vc_column_text]<\/p>\n<ul class=\"icons\">\n<li><i class=\"fa fa-check-circle-o text-color-123249-color\"><\/i>L\u00e4tt att anv\u00e4nda<\/li>\n<li><i class=\"fa fa-check-circle-o text-color-123249-color\"><\/i>S\u00e4ker<\/li>\n<li><i class=\"fa fa-check-circle-o text-color-123249-color\"><\/i>Helt\u00e4ckande rapportering<\/li>\n<li><i class=\"fa fa-check-circle-o text-color-123249-color\"><\/i>Kostnadseffektiv<\/li>\n<\/ul>\n<p>[\/vc_column_text][\/vc_column_inner][\/vc_row_inner][\/vc_column][\/vc_row][vc_row row_height_percent=&#8221;0&#8243; back_color=&#8221;color-681190&#8243; parallax=&#8221;yes&#8221; overlay_alpha=&#8221;0&#8243; gutter_size=&#8221;3&#8243; shift_y=&#8221;0&#8243;][vc_column column_width_percent=&#8221;100&#8243; position_horizontal=&#8221;left&#8221; position_vertical=&#8221;middle&#8221; align_horizontal=&#8221;align_right&#8221; overlay_alpha=&#8221;50&#8243; gutter_size=&#8221;3&#8243; medium_width=&#8221;0&#8243; shift_x=&#8221;0&#8243; shift_y=&#8221;0&#8243; z_index=&#8221;0&#8243; width=&#8221;1\/1&#8243;][vc_button button_color=&#8221;color-932394&#8243; size=&#8221;btn-xl&#8221; el_class=&#8221;hundred&#8221; link=&#8221;url:https%3A%2F%2Fjaicom-com.hel7.wp-cloud.dev%2Fsv%2Ftjanster%2F|||&#8221;]L\u00e4s mer om Jaicoms tj\u00e4nster \u00bb[\/vc_button][\/vc_column][\/vc_row]<\/p>\n","protected":false},"excerpt":{"rendered":"<p>[vc_row row_height_percent=&#8221;0&#8243; back_color=&#8221;color-lxmt&#8221; overlay_alpha=&#8221;50&#8243; gutter_size=&#8221;3&#8243; shift_y=&#8221;0&#8243;][vc_column width=&#8221;1\/1&#8243;][vc_raw_html]JTIwJTIwJTIwJTIwJTIwJTIwJTIwJTIwJTIwJTIwJTIwJTIwJTIwJTIwJTNDZGl2JTIwY2xhc3MlM0QlMjJtZW51LWhvcml6b250YWwlMjBtZW51LWxpZ2h0JTIwdGV4dC1jZW50ZXIlMjBhbGFtZW51JTIyJTNFJTBBJTIwJTIwJTIwJTIwJTIwJTIwJTIwJTIwJTIwJTIwJTIwJTIwJTIwJTIwJTIwJTIwJTIwJTIwJTNDdWwlMjBjbGFzcyUzRCUyMm1lbnUtc21hcnQlMjB0ZXh0LXVwcGVyY2FzZSUyMiUzRSUwQSUyMCUyMCUyMCUyMCUyMCUyMCUyMCUyMCUyMCUyMCUyMCUyMCUyMCUyMCUyMCUyMCUyMCUyMCUwQSUwQSUzQ2xpJTIwY2xhc3MlM0QlMjJmaWx0ZXItY2F0LTElMjIlM0UlM0NzcGFuJTNFJTNDYSUyMGhyZWYlM0QlMjIlMjNhc2lha2FzaGFsbGludGElMjIlMjBjbGFzcyUzRCUyMiUyMiUzRUtheWFrJTIwQWJvbm5lbWFuZ3NzeXN0ZW0lM0MlMkZhJTNFJTNDJTJGc3BhbiUzRSUzQyUyRmxpJTNFJTBBJTBBJTIwJTIwJTNDbGklMjBjbGFzcyUzRCUyMmZpbHRlci1jYXQtMyUyMiUzRSUzQ3NwYW4lM0UlM0NhJTIwaHJlZiUzRCUyMiUyM3BsdXMlMjIlMjAlMjBjbGFzcyUzRCUyMiUyMiUzRUtheWFrJTIwUGx1cyUyMC0lMjBQbHVzdGolQzMlQTRuc3RlciUzQyUyRmElM0UlM0MlMkZzcGFuJTNFJTNDJTJGbGklM0UlMEElMEElMjAlM0NsaSUyMGNsYXNzJTNEJTIyZmlsdGVyLWNhdC0yJTIyJTNFJTNDc3BhbiUzRSUzQ2ElMjBocmVmJTNEJTIyJTIzc2FhcyUyMiUyMCUyMGNsYXNzJTNEJTIyJTIyJTNFS2F5YWslMjBDbG91ZCUyMFNlcnZpY2UlM0MlMkZhJTNFJTNDJTJGc3BhbiUzRSUzQyUyRmxpJTNFJTBBJTBBJTBBJTNDJTJGdWwlM0UlMEElMjAlMjAlMjAlMjAlMjAlMjAlMjAlMjAlMjAlMjAlMjAlMjAlMjAlMjAlM0MlMkZkaXYlM0UlMEElMjAlMjAlMjAlMjAlMjAlMjAlMjAlMjAlMjAlMjA=[\/vc_raw_html][\/vc_column][\/vc_row][vc_row row_height_percent=&#8221;0&#8243; back_color=&#8221;color-xsdn&#8221; parallax=&#8221;yes&#8221; overlay_alpha=&#8221;80&#8243; gutter_size=&#8221;3&#8243; shift_y=&#8221;0&#8243; row_name=&#8221;asiakashallinta&#8221;][vc_column column_width_percent=&#8221;100&#8243; position_vertical=&#8221;middle&#8221; overlay_alpha=&#8221;50&#8243; gutter_size=&#8221;3&#8243; medium_width=&#8221;0&#8243; shift_x=&#8221;0&#8243; [&hellip;]<\/p>\n","protected":false},"author":1,"featured_media":0,"parent":56331,"menu_order":0,"comment_status":"open","ping_status":"closed","template":"","meta":{"footnotes":""},"class_list":["post-56492","page","type-page","status-publish","hentry"],"_links":{"self":[{"href":"https:\/\/www.jaicom.com\/sv\/wp-json\/wp\/v2\/pages\/56492","targetHints":{"allow":["GET"]}}],"collection":[{"href":"https:\/\/www.jaicom.com\/sv\/wp-json\/wp\/v2\/pages"}],"about":[{"href":"https:\/\/www.jaicom.com\/sv\/wp-json\/wp\/v2\/types\/page"}],"author":[{"embeddable":true,"href":"https:\/\/www.jaicom.com\/sv\/wp-json\/wp\/v2\/users\/1"}],"replies":[{"embeddable":true,"href":"https:\/\/www.jaicom.com\/sv\/wp-json\/wp\/v2\/comments?post=56492"}],"version-history":[{"count":14,"href":"https:\/\/www.jaicom.com\/sv\/wp-json\/wp\/v2\/pages\/56492\/revisions"}],"predecessor-version":[{"id":57223,"href":"https:\/\/www.jaicom.com\/sv\/wp-json\/wp\/v2\/pages\/56492\/revisions\/57223"}],"up":[{"embeddable":true,"href":"https:\/\/www.jaicom.com\/sv\/wp-json\/wp\/v2\/pages\/56331"}],"wp:attachment":[{"href":"https:\/\/www.jaicom.com\/sv\/wp-json\/wp\/v2\/media?parent=56492"}],"curies":[{"name":"wp","href":"https:\/\/api.w.org\/{rel}","templated":true}]}}