{"id":56484,"date":"2017-11-07T14:14:56","date_gmt":"2017-11-07T12:14:56","guid":{"rendered":"https:\/\/www.jaicom.com\/ota-yhteytta\/jaicom-oyn-tietosuojaseloste\/"},"modified":"2023-09-06T17:01:43","modified_gmt":"2023-09-06T14:01:43","slug":"jaicom-oy-dataskyddsbeskrivning","status":"publish","type":"page","link":"https:\/\/www.jaicom.com\/sv\/kontakt\/jaicom-oy-dataskyddsbeskrivning\/","title":{"rendered":"Dataskyddsbeskrivning"},"content":{"rendered":"<p>Syftet med denna dataskyddsbeskrivning (h\u00e4danefter \u201dBeskrivningen\u201d) \u00e4r att beskriva principerna och rutinerna f\u00f6r behandling av personuppgifter som Atex Software Oy (h\u00e4danefter \u201dAtex \u201d) iakttar f\u00f6r att skydda integriteten f\u00f6r anv\u00e4ndarna av webbplatsen, Kayak Online Help och Kayak Cloud Service (h\u00e4danefter \u201dTj\u00e4nsterna\u201d). Beskrivningen anger vilka typer av uppgifter vi kan samla in, hur uppgifterna anv\u00e4nds och hur de kan l\u00e4mnas ut till tredje part.<br \/>\nAtex f\u00f6rbinder sig att f\u00f6lja de lagar och f\u00f6rordningar som g\u00e4ller dataskydd och datas\u00e4kerhet samt f\u00f6ljer god praxis f\u00f6r behandling av personuppgifter.<\/p>\n<p><strong>1 Den registeransvarige<\/strong><br \/>\nAtex Software Oy<br \/>\nFO-nummer: 1534116-6<br \/>\nKauppiaantie 1<br \/>\n90460 Oulunsalo<\/p>\n<p><strong>2 Registrets namn<\/strong><br \/>\nAnv\u00e4ndare av Atexs webbtj\u00e4nster<\/p>\n<p><strong>3 Syftet med behandlingen av personuppgifter<\/strong><br \/>\nSyftet med behandlingen av personuppgifter \u00e4r att erbjuda anv\u00e4ndarna Tj\u00e4nster. Anv\u00e4ndarnas personuppgifter anv\u00e4nds fr\u00e4mst f\u00f6r att producera, uppr\u00e4tth\u00e5lla och utveckla Tj\u00e4nsterna samt f\u00f6r kundkommunikation.<br \/>\nPersonuppgifter behandlas \u00e4ven i samband med kontaktf\u00f6rfr\u00e5gningar via Atexs webbplats. Personer som vill l\u00e4mna en kontaktf\u00f6rfr\u00e5gan ger oss sina kontaktuppgifter.<br \/>\nPersonuppgifter fr\u00e5n Tj\u00e4nsternas anv\u00e4ndare och personer som l\u00e4mnat en kontaktf\u00f6rfr\u00e5gan kan \u00e4ven behandlas (i) f\u00f6r att utveckla kundf\u00f6rh\u00e5llandet, (ii) f\u00f6r att marknadsf\u00f6ra och s\u00e4lja Tj\u00e4nster och (iii) f\u00f6r att utveckla Atexs verksamhet och kundservice.<br \/>\nUtomst\u00e5ende serviceleverant\u00f6rer kan anlitas f\u00f6r uppgifter som anknyter till behandlingen av personuppgifter i enlighet med och inom de gr\u00e4nser som anges i dataskyddslagstiftningen.<\/p>\n<p><strong>4 Datainneh\u00e5ll<\/strong><br \/>\nI registret sparas f\u00f6ljande uppgifter om Tj\u00e4nsternas anv\u00e4ndare: (i) namn, (ii) e-postadress, (iii) telefonnummer och (iiii) namnet p\u00e5 f\u00f6retaget som anv\u00e4nder Tj\u00e4nsten.<br \/>\nI registret sparas f\u00f6ljande uppgifter om personer som l\u00e4mnat kontaktf\u00f6rfr\u00e5gningar: (i) namn, (ii) e-postadress och (iii) orsak till kontaktf\u00f6rfr\u00e5gan.<\/p>\n<p><strong>5 Regelbundna informationsk\u00e4llor<\/strong><br \/>\nPersonuppgifter samlas i f\u00f6rsta hand in direkt fr\u00e5n personer som l\u00e4mnat kontaktf\u00f6rfr\u00e5gningar och fr\u00e5n Tj\u00e4nsternas anv\u00e4ndare i samband med best\u00e4llningar, avtal eller annan kommunikation och n\u00e4r anv\u00e4ndarna anv\u00e4nder Atexs Tj\u00e4nster.<\/p>\n<p><strong>6 Personuppgifternas bevaringstid<\/strong><br \/>\nHur l\u00e4nge personuppgifterna kan sparas i registret har inte definierats. Atex kan behandla personuppgifterna f\u00f6r skattem\u00e4ssiga och lagstadgade \u00e4ndam\u00e5l s\u00e5 l\u00e4nge det \u00e4r n\u00f6dv\u00e4ndigt.<\/p>\n<p><strong>7 Utl\u00e4mnande och \u00f6verf\u00f6ring av personuppgifter<\/strong><br \/>\nAtex kan l\u00e4mna ut personuppgifter inom de gr\u00e4nser som st\u00e4lls i g\u00e4llande lagstiftning samt f\u00f6r ovann\u00e4mnda \u00e4ndam\u00e5l, om inte annat f\u00f6ljer av till\u00e4mplig lagstiftning. Personuppgifter kan l\u00e4mnas ut till myndigheter inom ramen f\u00f6r dataskyddslagstiftningen.<br \/>\nPersonuppgifter l\u00e4mnas inte ut och \u00f6verf\u00f6rs inte utanf\u00f6r EU och EES.<\/p>\n<p><strong>8 Principer f\u00f6r skydd av personuppgifter<\/strong><br \/>\nAtex \u00e4gnar s\u00e4rskild uppm\u00e4rksamhet \u00e5t dataskyddet och datas\u00e4kerheten f\u00f6r att skydda personuppgifterna. S\u00e4rskilt utsedda personer ansvarar f\u00f6r dataskyddet och datas\u00e4kerheten. Personuppgifterna skyddas med erforderliga tekniska och administrativa metoder.<br \/>\nEndast Atexs anst\u00e4llda och utvalda underleverant\u00f6rer har tillg\u00e5ng till personuppgifterna. \u00c5tkomst till personuppgifter f\u00f6ruts\u00e4tter personligt anv\u00e4ndarnamn och l\u00f6senord.<\/p>\n<p><strong>9 Den registrerades r\u00e4ttigheter med anknytning till behandlingen av personuppgifter<\/strong><\/p>\n<p><strong>9.1<\/strong> Den registrerades r\u00e4tt att ta del av uppgifterna (r\u00e4tt till insyn)<br \/>\nDen registrerade har r\u00e4tt att kontrollera vilka uppgifter Atex samlat in eller att inga uppgifter om personen sparats i registret. En beg\u00e4ran om att ut\u00f6va denna r\u00e4tt ska skickas till Atex i enlighet med punkt 10 i denna dataskyddsbeskrivning. R\u00e4tten till insyn kan dock v\u00e4gras om det finns lagliga grunder till det. Ingen avgift uppb\u00e4rs f\u00f6r kontroll av uppgifterna.<\/p>\n<p><strong>9.2<\/strong> Den registrerades r\u00e4tt att f\u00e5 uppgifter korrigerade eller raderade<br \/>\nDen registrerade har r\u00e4tt att kr\u00e4va att Atex korrigerar eller kompletterar ofullst\u00e4ndiga eller felaktiga personuppgifter. Den registrerade har r\u00e4tt att kr\u00e4va att personuppgifterna raderas.<br \/>\nF\u00f6r att ut\u00f6va denna r\u00e4tt ska den registrerade skicka en beg\u00e4ran till Atex i enlighet med punkt 10 i denna dataskyddsbeskrivning.<\/p>\n<p><strong>9.3<\/strong> Den registrerades r\u00e4tt att begr\u00e4nsa behandlingen av uppgifterna<br \/>\nOm Atex behandlar den registrerades personuppgifter har den registrerade r\u00e4tt att begr\u00e4nsa behandlingen av sina personuppgifter. En beg\u00e4ran om att begr\u00e4nsa behandlingen av personuppgifter ska skickas till Atex i enlighet med punkt 10 i denna dataskyddsbeskrivning.<\/p>\n<p><strong>9.4<\/strong> Den registrerades r\u00e4tt att anf\u00f6ra besv\u00e4r hos tillsynsmyndigheten<br \/>\nDen registrerade har r\u00e4tt att anf\u00f6ra besv\u00e4r hos en beh\u00f6rig tillsynsmyndighet om den registrerade anser att Atex inte har uppfyllt sina skyldigheter enligt dataskyddslagstiftningen.<\/p>\n<p><strong>9.5<\/strong> \u00d6vriga r\u00e4ttigheter<br \/>\nOm behandlingen av personuppgifter bygger p\u00e5 den registrerades samtycke har den registrerade r\u00e4tt att \u00e5terkalla sitt samtycke genom att meddela Atex i enlighet med punkt 10 i denna dataskyddsbeskrivning.<\/p>\n<p><strong>9.6<\/strong> \u00c4ndring av dataskyddsbeskrivningen<br \/>\nAtex har r\u00e4tt att \u00e4ndra denna dataskyddsbeskrivning. Atex meddelar betydande \u00e4ndringar av dataskyddsbeskrivningen i b\u00f6rjan av denna beskrivning och p\u00e5 sin webbplats under 30 dagar. Atex rekommenderar att du l\u00e4ser denna dataskyddsbeskrivning med j\u00e4mna mellanrum f\u00f6r att bli medveten om eventuella f\u00f6r\u00e4ndringar.<\/p>\n<p><strong>10 Cookies<\/strong><br \/>\nAtex anv\u00e4nder inte cookies p\u00e5 denna webbplats.<\/p>\n<p><strong>11 Kontakt<\/strong><br \/>\nDu kan kontakta oss med alla fr\u00e5gor som g\u00e4ller behandlingen av personuppgifter och dina r\u00e4ttigheter som registrerad. F\u00f6rfr\u00e5gningar kring denna dataskyddsbeskrivning kan skickas till atexsoftware@atex.com.<\/p>\n","protected":false},"excerpt":{"rendered":"<p>Syftet med denna dataskyddsbeskrivning (h\u00e4danefter \u201dBeskrivningen\u201d) \u00e4r att beskriva principerna och rutinerna f\u00f6r behandling av personuppgifter som Atex Software Oy [&hellip;]<\/p>\n","protected":false},"author":1,"featured_media":0,"parent":56469,"menu_order":0,"comment_status":"closed","ping_status":"closed","template":"","meta":{"footnotes":""},"class_list":["post-56484","page","type-page","status-publish","hentry"],"_links":{"self":[{"href":"https:\/\/www.jaicom.com\/sv\/wp-json\/wp\/v2\/pages\/56484","targetHints":{"allow":["GET"]}}],"collection":[{"href":"https:\/\/www.jaicom.com\/sv\/wp-json\/wp\/v2\/pages"}],"about":[{"href":"https:\/\/www.jaicom.com\/sv\/wp-json\/wp\/v2\/types\/page"}],"author":[{"embeddable":true,"href":"https:\/\/www.jaicom.com\/sv\/wp-json\/wp\/v2\/users\/1"}],"replies":[{"embeddable":true,"href":"https:\/\/www.jaicom.com\/sv\/wp-json\/wp\/v2\/comments?post=56484"}],"version-history":[{"count":7,"href":"https:\/\/www.jaicom.com\/sv\/wp-json\/wp\/v2\/pages\/56484\/revisions"}],"predecessor-version":[{"id":57562,"href":"https:\/\/www.jaicom.com\/sv\/wp-json\/wp\/v2\/pages\/56484\/revisions\/57562"}],"up":[{"embeddable":true,"href":"https:\/\/www.jaicom.com\/sv\/wp-json\/wp\/v2\/pages\/56469"}],"wp:attachment":[{"href":"https:\/\/www.jaicom.com\/sv\/wp-json\/wp\/v2\/media?parent=56484"}],"curies":[{"name":"wp","href":"https:\/\/api.w.org\/{rel}","templated":true}]}}