{"id":56445,"date":"2017-06-28T10:15:50","date_gmt":"2017-06-28T07:15:50","guid":{"rendered":"https:\/\/www.jaicom.com\/v5-images\/"},"modified":"2025-01-31T15:02:17","modified_gmt":"2025-01-31T13:02:17","slug":"v5-images-2","status":"publish","type":"page","link":"https:\/\/www.jaicom.com\/sv\/","title":{"rendered":"F\u00f6rstasida"},"content":{"rendered":"<p>[vc_row row_height_percent=&#8221;20&#8243; override_padding=&#8221;yes&#8221; h_padding=&#8221;2&#8243; top_padding=&#8221;4&#8243; bottom_padding=&#8221;4&#8243; overlay_alpha=&#8221;50&#8243; gutter_size=&#8221;3&#8243; shift_y=&#8221;0&#8243;][vc_column column_width_percent=&#8221;100&#8243; position_horizontal=&#8221;left&#8221; gutter_size=&#8221;2&#8243; overlay_alpha=&#8221;50&#8243; shift_x=&#8221;0&#8243; shift_y=&#8221;0&#8243; z_index=&#8221;0&#8243; medium_width=&#8221;4&#8243; zoom_width=&#8221;0&#8243; zoom_height=&#8221;0&#8243; width=&#8221;7\/12&#8243;][vc_custom_heading text_color=&#8221;color-932394&#8243;]Jaicom AB \u00e4r nu en del av Atex Global Media.[\/vc_custom_heading][vc_column_text uncode_shortcode_id=&#8221;153287&#8243;]L\u00e4s mer om Atex l\u00f6sningar och produkter <a href=\"https:\/\/www.atex.com\/\" target=\"_blank\" rel=\"noopener\"> www.atex.com<\/a>[\/vc_column_text][vc_separator sep_color=&#8221;color-681190&#8243;][vc_custom_heading text_color=&#8221;color-932394&#8243; subheading=&#8221;Vi har marknadens bredaste utbud av tj\u00e4nster och produkter inom kundhantering f\u00f6r alla former av medief\u00f6retag. Av oss f\u00e5r du en skr\u00e4ddarsydd l\u00f6sning f\u00f6r hantering av prenumerationer och kundserviceutveckling. F\u00f6rutom v\u00e5ra f\u00e4rdiga standardsystem erbjuder vi \u00e4ven kundanpassad system- och mjukvaruutveckling samt l\u00f6sningar f\u00f6r integration i befintliga system.&#8221;]Kompletta l\u00f6sningar f\u00f6r kundhantering[\/vc_custom_heading][\/vc_column][vc_column column_width_percent=&#8221;100&#8243; position_horizontal=&#8221;left&#8221; gutter_size=&#8221;2&#8243; override_padding=&#8221;yes&#8221; column_padding=&#8221;0&#8243; overlay_alpha=&#8221;50&#8243; shift_x=&#8221;0&#8243; shift_y=&#8221;0&#8243; z_index=&#8221;0&#8243; medium_width=&#8221;4&#8243; zoom_width=&#8221;0&#8243; zoom_height=&#8221;0&#8243; width=&#8221;5\/12&#8243;][uncode_block id=&#8221;56564&#8243; inside_column=&#8221;yes&#8221;][vc_row_inner row_inner_height_percent=&#8221;0&#8243; overlay_alpha=&#8221;50&#8243; gutter_size=&#8221;2&#8243; shift_y=&#8221;0&#8243;][vc_column_inner width=&#8221;1\/1&#8243;][vc_button button_color=&#8221;color-832062&#8243; wide=&#8221;yes&#8221; border_width=&#8221;0&#8243; link=&#8221;url:https%3A%2F%2Fatex.odc.fi|target:_blank&#8221; button_color_type=&#8221;uncode-palette&#8221; uncode_shortcode_id=&#8221;190228&#8243;]Private Cloud Service atex.odc.fi[\/vc_button][\/vc_column_inner][\/vc_row_inner][vc_row_inner row_inner_height_percent=&#8221;0&#8243; overlay_alpha=&#8221;50&#8243; gutter_size=&#8221;2&#8243; shift_y=&#8221;0&#8243;][vc_column_inner width=&#8221;1\/2&#8243;][vc_button button_color=&#8221;color-832062&#8243; wide=&#8221;yes&#8221; border_width=&#8221;0&#8243; link=&#8221;url:http%3A%2F%2Fextra.jaicom.com%2F|target:_blank&#8221; button_color_type=&#8221;uncode-palette&#8221; uncode_shortcode_id=&#8221;909045&#8243;]Extranet[\/vc_button][\/vc_column_inner][vc_column_inner width=&#8221;1\/2&#8243;][vc_button button_color=&#8221;color-832062&#8243; wide=&#8221;yes&#8221; link=&#8221;url:http%3A%2F%2Fkayak.jaicom.com%2F||target:%20_blank|&#8221;]Online help[\/vc_button][\/vc_column_inner][\/vc_row_inner][\/vc_column][\/vc_row][vc_row row_height_percent=&#8221;0&#8243; override_padding=&#8221;yes&#8221; h_padding=&#8221;2&#8243; top_padding=&#8221;2&#8243; bottom_padding=&#8221;2&#8243; back_color=&#8221;color-681190&#8243; overlay_alpha=&#8221;0&#8243; gutter_size=&#8221;0&#8243; shift_y=&#8221;0&#8243; el_class=&#8221;left&#8221;][vc_column column_width_percent=&#8221;100&#8243; position_horizontal=&#8221;left&#8221; position_vertical=&#8221;middle&#8221; gutter_size=&#8221;3&#8243; style=&#8221;dark&#8221; overlay_alpha=&#8221;50&#8243; shift_x=&#8221;0&#8243; shift_y=&#8221;0&#8243; z_index=&#8221;0&#8243; medium_width=&#8221;0&#8243; width=&#8221;1\/1&#8243;][vc_custom_heading text_color=&#8221;color-932394&#8243;]TJ\u00c4NSTER<br \/>\n[\/vc_custom_heading][\/vc_column][\/vc_row][vc_row row_height_percent=&#8221;0&#8243; back_color=&#8221;color-xsdn&#8221; overlay_alpha=&#8221;80&#8243; gutter_size=&#8221;3&#8243; shift_y=&#8221;0&#8243;][vc_column column_width_percent=&#8221;100&#8243; position_vertical=&#8221;middle&#8221; gutter_size=&#8221;3&#8243; overlay_alpha=&#8221;50&#8243; shift_x=&#8221;0&#8243; shift_y=&#8221;0&#8243; z_index=&#8221;0&#8243; medium_width=&#8221;0&#8243; width=&#8221;7\/12&#8243;][vc_column_text]<\/p>\n<h2>Abonnemangssystem f\u00f6r mediaf\u00f6retag av alla storlekar<\/h2>\n<p>Jaicoms\u00a0<strong>Kayak<\/strong>\u00a0\u00e4r ett komplett system f\u00f6r hantering av alla former av prenumerationer och distribution. Med systemet kan du hantera f\u00f6retagets kundservice, fakturering, reskontra, marknadsf\u00f6ring, f\u00f6rs\u00e4ljning, leveranser och rapportering. Kayak kan anv\u00e4ndas av s\u00e5v\u00e4l tryckta som digitala medier, dagstidningar och tidskrifter.<br \/>\n[\/vc_column_text][vc_button button_color=&#8221;color-932394&#8243; border_width=&#8221;0&#8243; link=&#8221;url:https%3A%2F%2Fwww.jaicom.com%2Fsv%2Ftjanster%2Fabonnemangssystem%2F|title:Abonnemangssystem&#8221; button_color_type=&#8221;uncode-palette&#8221; uncode_shortcode_id=&#8221;189113&#8243;]Kayak abonnemangssystem \u00bb[\/vc_button][\/vc_column][vc_column width=&#8221;5\/12&#8243;][vc_single_image media=&#8221;55409&#8243; media_width_percent=&#8221;100&#8243;][\/vc_column][\/vc_row][vc_row row_height_percent=&#8221;0&#8243; back_color=&#8221;color-681190&#8243; overlay_alpha=&#8221;100&#8243; gutter_size=&#8221;3&#8243; shift_y=&#8221;0&#8243;][vc_column column_width_percent=&#8221;100&#8243; position_vertical=&#8221;middle&#8221; gutter_size=&#8221;3&#8243; overlay_alpha=&#8221;50&#8243; shift_x=&#8221;0&#8243; shift_y=&#8221;0&#8243; z_index=&#8221;0&#8243; medium_width=&#8221;0&#8243; width=&#8221;7\/12&#8243;][vc_column_text]<\/p>\n<h2>Hosting och datahallar<\/h2>\n<p><strong>Ett s\u00e4kert och smart alternativ till en egen server.<\/strong><br \/>\nVi erbjuder datahallar och molntj\u00e4nster f\u00f6r en effektiv och s\u00e4ker verksamhet. V\u00e5ra servertj\u00e4nster \u00e4r ett bra val f\u00f6r f\u00f6retag som inte vill investera i egna IT-utrymmen och vill ha sina data i s\u00e4kert f\u00f6rvar.<br \/>\n[\/vc_column_text][vc_button button_color=&#8221;color-932394&#8243; border_width=&#8221;0&#8243; link=&#8221;url:https%3A%2F%2Fwww.jaicom.com%2Fsv%2Ftjanster%2Fhosting-och-datahallar%2F|title:Hosting%20och%20datahallar&#8221; button_color_type=&#8221;uncode-palette&#8221; uncode_shortcode_id=&#8221;539533&#8243;]Hosting och datahallar \u00bb[\/vc_button][\/vc_column][vc_column column_width_percent=&#8221;100&#8243; gutter_size=&#8221;3&#8243; overlay_alpha=&#8221;50&#8243; shift_x=&#8221;0&#8243; shift_y=&#8221;0&#8243; z_index=&#8221;0&#8243; medium_width=&#8221;0&#8243; width=&#8221;5\/12&#8243; el_class=&#8221;hidemobile&#8221;][vc_single_image media=&#8221;55401&#8243; media_width_percent=&#8221;100&#8243;][\/vc_column][\/vc_row][vc_row row_height_percent=&#8221;0&#8243; back_color=&#8221;color-681190&#8243; overlay_alpha=&#8221;100&#8243; gutter_size=&#8221;3&#8243; shift_y=&#8221;0&#8243; desktop_visibility=&#8221;yes&#8221; medium_visibility=&#8221;yes&#8221; mobile_visibility=&#8221;yes&#8221;][vc_column column_width_percent=&#8221;100&#8243; position_vertical=&#8221;middle&#8221; gutter_size=&#8221;3&#8243; overlay_alpha=&#8221;50&#8243; shift_x=&#8221;0&#8243; shift_y=&#8221;0&#8243; z_index=&#8221;0&#8243; medium_width=&#8221;0&#8243; width=&#8221;7\/12&#8243;][vc_column_text]<\/p>\n<h2>Effektivisera kundtj\u00e4nsten genom outsourcing<\/h2>\n<p>Vi erbjuder mediaf\u00f6retag och andra organisationer m\u00f6jligheten att l\u00e4gga ut sin kundhantering. V\u00e5rt utbud inkluderar alla funktioner som beh\u00f6vs f\u00f6r kund- och prenumerationshantering genom olika kanaler samt detaljerad rapportering.<br \/>\n[\/vc_column_text][vc_button button_color=&#8221;color-932394&#8243; border_width=&#8221;0&#8243; link=&#8221;url:https%3A%2F%2Fwww.jaicom.com%2Fsv%2Ftjanster%2Fhosting-och-datahallar%2F|title:Tj%C3%A4nster&#8221; button_color_type=&#8221;uncode-palette&#8221; uncode_shortcode_id=&#8221;116973&#8243;]UTLOKALISERING AV KUNDTJ\u00c4NST \u00bb[\/vc_button][\/vc_column][vc_column width=&#8221;5\/12&#8243;][vc_single_image media=&#8221;55405&#8243; media_width_percent=&#8221;100&#8243;][\/vc_column][\/vc_row][vc_row row_height_percent=&#8221;0&#8243; back_color=&#8221;color-681190&#8243; overlay_alpha=&#8221;0&#8243; gutter_size=&#8221;3&#8243; shift_y=&#8221;0&#8243;][vc_column column_width_percent=&#8221;100&#8243; position_horizontal=&#8221;left&#8221; position_vertical=&#8221;middle&#8221; align_horizontal=&#8221;align_right&#8221; gutter_size=&#8221;3&#8243; overlay_alpha=&#8221;50&#8243; shift_x=&#8221;0&#8243; shift_y=&#8221;0&#8243; z_index=&#8221;0&#8243; medium_width=&#8221;0&#8243; width=&#8221;1\/1&#8243;][vc_button button_color=&#8221;color-932394&#8243; size=&#8221;btn-xl&#8221; border_width=&#8221;0&#8243; el_class=&#8221;hundred&#8221; link=&#8221;url:https%3A%2F%2Fwww.jaicom.com%2Fsv%2Ftjanster%2F|title:Tj%C3%A4nster&#8221; button_color_type=&#8221;uncode-palette&#8221; uncode_shortcode_id=&#8221;143143&#8243;]L\u00e4s mer om v\u00e5ra tj\u00e4nster \u00bb[\/vc_button][\/vc_column][\/vc_row][vc_row row_height_percent=&#8221;0&#8243; override_padding=&#8221;yes&#8221; h_padding=&#8221;2&#8243; top_padding=&#8221;2&#8243; bottom_padding=&#8221;0&#8243; overlay_color=&#8221;color-xsdn&#8221; overlay_alpha=&#8221;80&#8243; gutter_size=&#8221;0&#8243; shift_y=&#8221;0&#8243; el_class=&#8221;left&#8221;][vc_column column_width_percent=&#8221;100&#8243; position_horizontal=&#8221;left&#8221; position_vertical=&#8221;middle&#8221; gutter_size=&#8221;3&#8243; style=&#8221;dark&#8221; overlay_alpha=&#8221;50&#8243; shift_x=&#8221;0&#8243; shift_y=&#8221;0&#8243; z_index=&#8221;0&#8243; medium_width=&#8221;0&#8243; width=&#8221;1\/1&#8243;][vc_custom_heading text_height=&#8221;fontheight-179065&#8243;]<\/p>\n<h2 style=\"text-align: left !important;\"><span lang=\"FI\">REFERENSER<\/span><\/h2>\n<p>[\/vc_custom_heading][\/vc_column][\/vc_row][vc_row row_height_percent=&#8221;0&#8243; override_padding=&#8221;yes&#8221; h_padding=&#8221;2&#8243; top_padding=&#8221;0&#8243; bottom_padding=&#8221;0&#8243; overlay_alpha=&#8221;50&#8243; equal_height=&#8221;yes&#8221; gutter_size=&#8221;0&#8243; shift_y=&#8221;0&#8243; css=&#8221;.vc_custom_1502373263527{padding-top: 20px !important;padding-right: 20px !important;padding-bottom: 20px !important;padding-left: 20px !important;}&#8221;][vc_column column_width_percent=&#8221;100&#8243; gutter_size=&#8221;3&#8243; back_color=&#8221;color-932394&#8243; overlay_alpha=&#8221;50&#8243; shift_x=&#8221;0&#8243; shift_y=&#8221;0&#8243; z_index=&#8221;0&#8243; medium_width=&#8221;0&#8243; width=&#8221;1\/3&#8243;][vc_column_text]<span style=\"color: #ffffff;\">&#8221;Vi b\u00f6rjade anv\u00e4nda Kayak f\u00f6r alla v\u00e5ra prenumererade tidningar v\u00e5ren 2011. Tidtabellen och budgeten f\u00f6r implementeringsprojektet h\u00f6ll, vilket \u00e4r ett kvitto p\u00e5 Jaicoms expertis som systemleverant\u00f6r. Systemets integration med befintliga system, till exempel v\u00e5rt CRM-system, gick enkelt tack vare Kayaks gr\u00e4nssnitt. Vi har sj\u00e4lva deltagit i utvecklingen av systemet tillsammans med andra mediehus som anv\u00e4nder det. Utvecklingssamarbetet och det produktbaserade systemet resulterade i l\u00e4gre kostnader f\u00f6r alla parter. Samarbetet med Jaicom l\u00f6per smidigt b\u00e5de p\u00e5 projekt- och supportsidan.&#8221;<\/span><br \/>\n<span style=\"color: #ffffff;\"><em>Jari Lehti\u00f6 ICT-Manager TS-Yhtym\u00e4 Oy<\/em><\/span>[\/vc_column_text][\/vc_column][vc_column column_width_percent=&#8221;100&#8243; gutter_size=&#8221;3&#8243; back_color=&#8221;color-366523&#8243; overlay_alpha=&#8221;50&#8243; shift_x=&#8221;0&#8243; shift_y=&#8221;0&#8243; z_index=&#8221;0&#8243; medium_width=&#8221;0&#8243; width=&#8221;1\/3&#8243;][vc_column_text el_class=&#8221;white&#8221;]&#8221;Vi har utlokaliserat v\u00e5r kunservice f\u00f6r tidningen Viini p\u00e5 Jaicom. Kundservicen inkluderar prenumerations-, fakturerings- och banktj\u00e4nster samt detaljerade rapporter. Jaicom erbjuder kunnig, v\u00e4nlig och snabb kundservice. Jaicom \u00e4r en tillf\u00f6rlitlig partner och vi \u00e4r mycket n\u00f6jda med samarbetet&#8221;<br \/>\n<em>Viinilehti Oy, Ulla Sidorow.<\/em>[\/vc_column_text][\/vc_column][vc_column column_width_percent=&#8221;100&#8243; gutter_size=&#8221;3&#8243; back_color=&#8221;color-289342&#8243; overlay_alpha=&#8221;50&#8243; shift_x=&#8221;0&#8243; shift_y=&#8221;0&#8243; z_index=&#8221;0&#8243; desktop_visibility=&#8221;yes&#8221; medium_visibility=&#8221;yes&#8221; medium_width=&#8221;0&#8243; mobile_visibility=&#8221;yes&#8221; width=&#8221;1\/3&#8243;][vc_column_text]&#8221;Olemme ulkoistaneet Viini-lehden asiakaspalvelun Jaicomille.<br \/>\nAsiakaspalvelu koostuu tilaaja-, laskutus- ja pankkipalveluista sek\u00e4 kattavista raporteista.<br \/>\nJaicomin asiakaspalvelu on asiantuntevaa, yst\u00e4v\u00e4llist\u00e4 ja nopeaa.<br \/>\nJaicom on luotettava yhteisty\u00f6kumppani ja olen eritt\u00e4in tyytyv\u00e4inen yhteisty\u00f6h\u00f6mme.&#8221;<br \/>\n<em>Viinilehti Oy:n markkinointip\u00e4\u00e4llikk\u00f6 Ulla Sidorow.<\/em>[\/vc_column_text][\/vc_column][\/vc_row][vc_row row_height_percent=&#8221;0&#8243; override_padding=&#8221;yes&#8221; h_padding=&#8221;2&#8243; top_padding=&#8221;0&#8243; bottom_padding=&#8221;0&#8243; overlay_alpha=&#8221;50&#8243; equal_height=&#8221;yes&#8221; gutter_size=&#8221;0&#8243; shift_y=&#8221;0&#8243; css=&#8221;.vc_custom_1502373263527{padding-top: 20px !important;padding-right: 20px !important;padding-bottom: 20px !important;padding-left: 20px !important;}&#8221;][vc_column column_width_percent=&#8221;100&#8243; gutter_size=&#8221;3&#8243; overlay_alpha=&#8221;50&#8243; shift_x=&#8221;0&#8243; shift_y=&#8221;0&#8243; z_index=&#8221;0&#8243; medium_width=&#8221;0&#8243; width=&#8221;1\/3&#8243;][vc_button button_color=&#8221;color-932394&#8243; link=&#8221;url:https%3A%2F%2Fjaicom-com.hel7.wp-cloud.dev%2Fsv%2Fkundomdomen%2F|||&#8221;]Kunder \u00bb[\/vc_button][\/vc_column][\/vc_row][vc_row row_height_percent=&#8221;0&#8243; override_padding=&#8221;yes&#8221; h_padding=&#8221;2&#8243; top_padding=&#8221;2&#8243; bottom_padding=&#8221;1&#8243; back_color=&#8221;color-681190&#8243; overlay_color=&#8221;color-xsdn&#8221; overlay_alpha=&#8221;80&#8243; gutter_size=&#8221;0&#8243; shift_y=&#8221;0&#8243; el_class=&#8221;left&#8221;][vc_column column_width_percent=&#8221;100&#8243; position_horizontal=&#8221;left&#8221; position_vertical=&#8221;middle&#8221; gutter_size=&#8221;3&#8243; style=&#8221;dark&#8221; overlay_alpha=&#8221;50&#8243; shift_x=&#8221;0&#8243; shift_y=&#8221;0&#8243; z_index=&#8221;0&#8243; medium_width=&#8221;0&#8243; width=&#8221;1\/1&#8243;][vc_custom_heading text_height=&#8221;fontheight-578034&#8243;]<\/p>\n<h2 style=\"text-align: left !important;\">NYHETER<\/h2>\n<p>[\/vc_custom_heading][uncode_index el_id=&#8221;index-146145&#8243; isotope_mode=&#8221;fitRows&#8221; loop=&#8221;size:4|order_by:date|post_type:post&#8221; style_preset=&#8221;metro&#8221; screen_lg=&#8221;1000&#8243; screen_md=&#8221;600&#8243; screen_sm=&#8221;480&#8243; gutter_size=&#8221;3&#8243; post_items=&#8221;date,title,text|full|260,link|default&#8221; single_width=&#8221;3&#8243; single_height=&#8221;3&#8243; single_overlay_opacity=&#8221;50&#8243; single_padding=&#8221;1&#8243; single_text_reduced=&#8221;yes&#8221;][\/vc_column][\/vc_row]<\/p>\n","protected":false},"excerpt":{"rendered":"<p>[vc_row row_height_percent=&#8221;20&#8243; override_padding=&#8221;yes&#8221; h_padding=&#8221;2&#8243; top_padding=&#8221;4&#8243; bottom_padding=&#8221;4&#8243; overlay_alpha=&#8221;50&#8243; gutter_size=&#8221;3&#8243; shift_y=&#8221;0&#8243;][vc_column column_width_percent=&#8221;100&#8243; position_horizontal=&#8221;left&#8221; gutter_size=&#8221;2&#8243; overlay_alpha=&#8221;50&#8243; shift_x=&#8221;0&#8243; shift_y=&#8221;0&#8243; z_index=&#8221;0&#8243; medium_width=&#8221;4&#8243; zoom_width=&#8221;0&#8243; zoom_height=&#8221;0&#8243; width=&#8221;7\/12&#8243;][vc_custom_heading [&hellip;]<\/p>\n","protected":false},"author":1,"featured_media":0,"parent":0,"menu_order":0,"comment_status":"open","ping_status":"closed","template":"","meta":{"footnotes":""},"class_list":["post-56445","page","type-page","status-publish","hentry"],"_links":{"self":[{"href":"https:\/\/www.jaicom.com\/sv\/wp-json\/wp\/v2\/pages\/56445","targetHints":{"allow":["GET"]}}],"collection":[{"href":"https:\/\/www.jaicom.com\/sv\/wp-json\/wp\/v2\/pages"}],"about":[{"href":"https:\/\/www.jaicom.com\/sv\/wp-json\/wp\/v2\/types\/page"}],"author":[{"embeddable":true,"href":"https:\/\/www.jaicom.com\/sv\/wp-json\/wp\/v2\/users\/1"}],"replies":[{"embeddable":true,"href":"https:\/\/www.jaicom.com\/sv\/wp-json\/wp\/v2\/comments?post=56445"}],"version-history":[{"count":20,"href":"https:\/\/www.jaicom.com\/sv\/wp-json\/wp\/v2\/pages\/56445\/revisions"}],"predecessor-version":[{"id":57640,"href":"https:\/\/www.jaicom.com\/sv\/wp-json\/wp\/v2\/pages\/56445\/revisions\/57640"}],"wp:attachment":[{"href":"https:\/\/www.jaicom.com\/sv\/wp-json\/wp\/v2\/media?parent=56445"}],"curies":[{"name":"wp","href":"https:\/\/api.w.org\/{rel}","templated":true}]}}