{"id":56331,"date":"2017-06-28T08:41:40","date_gmt":"2017-06-28T05:41:40","guid":{"rendered":"https:\/\/www.jaicom.com\/palvelut\/"},"modified":"2024-01-26T09:15:59","modified_gmt":"2024-01-26T07:15:59","slug":"tjanster","status":"publish","type":"page","link":"https:\/\/www.jaicom.com\/sv\/tjanster\/","title":{"rendered":"Tj\u00e4nster"},"content":{"rendered":"<p>[vc_row row_height_percent=&#8221;0&#8243; back_color=&#8221;color-xsdn&#8221; overlay_alpha=&#8221;80&#8243; gutter_size=&#8221;3&#8243; shift_y=&#8221;0&#8243;][vc_column column_width_percent=&#8221;100&#8243; position_vertical=&#8221;middle&#8221; gutter_size=&#8221;3&#8243; overlay_alpha=&#8221;50&#8243; shift_x=&#8221;0&#8243; shift_y=&#8221;0&#8243; z_index=&#8221;0&#8243; medium_width=&#8221;0&#8243; width=&#8221;7\/12&#8243;][vc_column_text]<\/p>\n<h2>Abonnemangssystem f\u00f6r medief\u00f6retag av alla storlekar<\/h2>\n<p>Jaicoms\u00a0<strong>Kayak<\/strong>\u00a0\u00e4r ett komplett system f\u00f6r hantering av alla former av prenumerationer och distribution. Med systemet kan du hantera f\u00f6retagets kundservice, fakturering, reskontra, marknadsf\u00f6ring, f\u00f6rs\u00e4ljning, leveranser och rapportering. Kayak kan anv\u00e4ndas av s\u00e5v\u00e4l tryckta som digitala medier, dagstidningar och tidskrifter.[\/vc_column_text][vc_button button_color=&#8221;color-932394&#8243; border_width=&#8221;0&#8243; link=&#8221;url:https%3A%2F%2Fwww.jaicom.com%2Fsv%2Ftjanster%2Fabonnemangssystem%2F|title:Abonnemangssystem&#8221; button_color_type=&#8221;uncode-palette&#8221; uncode_shortcode_id=&#8221;542474&#8243;]Kayak abonnemangssystem \u00bb[\/vc_button][\/vc_column][vc_column column_width_percent=&#8221;100&#8243; gutter_size=&#8221;3&#8243; overlay_alpha=&#8221;50&#8243; shift_x=&#8221;0&#8243; shift_y=&#8221;0&#8243; z_index=&#8221;0&#8243; medium_width=&#8221;0&#8243; width=&#8221;5\/12&#8243; el_class=&#8221;hidemobile&#8221;][vc_single_image media=&#8221;55409&#8243; media_width_percent=&#8221;100&#8243;][\/vc_column][\/vc_row][vc_row row_height_percent=&#8221;0&#8243; back_color=&#8221;color-681190&#8243; overlay_alpha=&#8221;100&#8243; gutter_size=&#8221;3&#8243; shift_y=&#8221;0&#8243; desktop_visibility=&#8221;yes&#8221; medium_visibility=&#8221;yes&#8221; mobile_visibility=&#8221;yes&#8221;][vc_column column_width_percent=&#8221;100&#8243; position_vertical=&#8221;middle&#8221; gutter_size=&#8221;3&#8243; overlay_alpha=&#8221;50&#8243; shift_x=&#8221;0&#8243; shift_y=&#8221;0&#8243; z_index=&#8221;0&#8243; medium_width=&#8221;0&#8243; width=&#8221;7\/12&#8243;][vc_column_text]<\/p>\n<h2>Effektivisera kundtj\u00e4nsten genom outsourcing<\/h2>\n<p>Vi erbjuder medief\u00f6retag och andra organisationer m\u00f6jligheten att l\u00e4gga ut sin kundhantering. V\u00e5rt utbud inkluderar alla funktioner som beh\u00f6vs f\u00f6r kund- och prenumerationshantering genom olika kanaler samt detaljerad rapportering.[\/vc_column_text][vc_button button_color=&#8221;color-932394&#8243; border_width=&#8221;0&#8243; link=&#8221;url:https%3A%2F%2Fwww.jaicom.com%2Fsv%2Ftjanster%2Fhosting-och-datahallar%2F|title:Hosting%20och%20datahallar&#8221; button_color_type=&#8221;uncode-palette&#8221; uncode_shortcode_id=&#8221;203716&#8243;]UTLOKALISERING AV KUNDTJ\u00c4NST \u00bb[\/vc_button][\/vc_column][vc_column column_width_percent=&#8221;100&#8243; gutter_size=&#8221;3&#8243; overlay_alpha=&#8221;50&#8243; shift_x=&#8221;0&#8243; shift_y=&#8221;0&#8243; z_index=&#8221;0&#8243; medium_width=&#8221;0&#8243; width=&#8221;5\/12&#8243; el_class=&#8221;hidemobile&#8221;][vc_single_image media=&#8221;55405&#8243; media_width_percent=&#8221;100&#8243;][\/vc_column][\/vc_row][vc_row row_height_percent=&#8221;0&#8243; back_color=&#8221;color-681190&#8243; overlay_alpha=&#8221;100&#8243; gutter_size=&#8221;3&#8243; shift_y=&#8221;0&#8243;][vc_column column_width_percent=&#8221;100&#8243; position_vertical=&#8221;middle&#8221; gutter_size=&#8221;3&#8243; overlay_alpha=&#8221;50&#8243; shift_x=&#8221;0&#8243; shift_y=&#8221;0&#8243; z_index=&#8221;0&#8243; medium_width=&#8221;0&#8243; width=&#8221;7\/12&#8243;][vc_column_text]<\/p>\n<h2>Hosting och datahallar<\/h2>\n<p><strong>Ett s\u00e4kert och smart alternativ till en egen server.<\/strong><br \/>\nVi erbjuder datahallar och molntj\u00e4nster f\u00f6r en effektiv och s\u00e4ker verksamhet. V\u00e5ra servertj\u00e4nster \u00e4r ett bra val f\u00f6r f\u00f6retag som inte vill investera i egna IT-utrymmen och vill ha sina data i s\u00e4kert f\u00f6rvar.<br \/>\n[\/vc_column_text][vc_button button_color=&#8221;color-932394&#8243; border_width=&#8221;0&#8243; link=&#8221;url:https%3A%2F%2Fwww.jaicom.com%2Fsv%2Ftjanster%2Fhosting-och-datahallar%2F|title:Hosting%20och%20datahallar&#8221; button_color_type=&#8221;uncode-palette&#8221; uncode_shortcode_id=&#8221;131443&#8243;]Hosting och datahallar \u00bb[\/vc_button][\/vc_column][vc_column column_width_percent=&#8221;100&#8243; gutter_size=&#8221;3&#8243; overlay_alpha=&#8221;50&#8243; shift_x=&#8221;0&#8243; shift_y=&#8221;0&#8243; z_index=&#8221;0&#8243; medium_width=&#8221;0&#8243; width=&#8221;5\/12&#8243; el_class=&#8221;hidemobile&#8221;][vc_single_image media=&#8221;55401&#8243; media_width_percent=&#8221;100&#8243;][\/vc_column][\/vc_row]<\/p>\n","protected":false},"excerpt":{"rendered":"<p>[vc_row row_height_percent=&#8221;0&#8243; back_color=&#8221;color-xsdn&#8221; overlay_alpha=&#8221;80&#8243; gutter_size=&#8221;3&#8243; shift_y=&#8221;0&#8243;][vc_column column_width_percent=&#8221;100&#8243; position_vertical=&#8221;middle&#8221; gutter_size=&#8221;3&#8243; overlay_alpha=&#8221;50&#8243; shift_x=&#8221;0&#8243; shift_y=&#8221;0&#8243; z_index=&#8221;0&#8243; medium_width=&#8221;0&#8243; width=&#8221;7\/12&#8243;][vc_column_text] Abonnemangssystem f\u00f6r medief\u00f6retag av alla [&hellip;]<\/p>\n","protected":false},"author":1,"featured_media":0,"parent":0,"menu_order":0,"comment_status":"open","ping_status":"closed","template":"","meta":{"footnotes":""},"class_list":["post-56331","page","type-page","status-publish","hentry"],"_links":{"self":[{"href":"https:\/\/www.jaicom.com\/sv\/wp-json\/wp\/v2\/pages\/56331","targetHints":{"allow":["GET"]}}],"collection":[{"href":"https:\/\/www.jaicom.com\/sv\/wp-json\/wp\/v2\/pages"}],"about":[{"href":"https:\/\/www.jaicom.com\/sv\/wp-json\/wp\/v2\/types\/page"}],"author":[{"embeddable":true,"href":"https:\/\/www.jaicom.com\/sv\/wp-json\/wp\/v2\/users\/1"}],"replies":[{"embeddable":true,"href":"https:\/\/www.jaicom.com\/sv\/wp-json\/wp\/v2\/comments?post=56331"}],"version-history":[{"count":13,"href":"https:\/\/www.jaicom.com\/sv\/wp-json\/wp\/v2\/pages\/56331\/revisions"}],"predecessor-version":[{"id":57630,"href":"https:\/\/www.jaicom.com\/sv\/wp-json\/wp\/v2\/pages\/56331\/revisions\/57630"}],"wp:attachment":[{"href":"https:\/\/www.jaicom.com\/sv\/wp-json\/wp\/v2\/media?parent=56331"}],"curies":[{"name":"wp","href":"https:\/\/api.w.org\/{rel}","templated":true}]}}