{"id":56186,"date":"2017-11-07T14:14:56","date_gmt":"2017-11-07T12:14:56","guid":{"rendered":"https:\/\/www.jaicom.com\/?page_id=56186"},"modified":"2023-09-06T16:30:43","modified_gmt":"2023-09-06T13:30:43","slug":"jaicom-oyn-tietosuojaseloste","status":"publish","type":"page","link":"https:\/\/www.jaicom.com\/fi\/ota-yhteytta\/jaicom-oyn-tietosuojaseloste\/","title":{"rendered":"Atex Software Oy:n Tietosuojaseloste"},"content":{"rendered":"<p>T\u00e4m\u00e4n tietosuojaselosteen (j\u00e4ljemp\u00e4n\u00e4 \u201dSeloste\u201d) tarkoituksena on kuvata niit\u00e4 henkil\u00f6tietojen k\u00e4sittely\u00e4 koskevia periaatteita ja k\u00e4yt\u00e4nt\u00f6j\u00e4, joita Atex Software Oy:ss\u00e4 (j\u00e4ljemp\u00e4n\u00e4 \u201dAtex\u201d) noudatetaan verkkosivuston sek\u00e4 Kayak Online Help ja Kayak Cloud -palveluiden (j\u00e4ljemp\u00e4n\u00e4 \u201dPalvelut\u201d) k\u00e4ytt\u00e4jien yksityisyyden suojaamiseksi. Selosteessa kerrotaan, mink\u00e4 tyyppisi\u00e4 tietoja voimme ker\u00e4t\u00e4, miten tietoja k\u00e4ytet\u00e4\u00e4n ja miten tietoja luovutetaan kolmansille osapuolille.<\/p>\n<p>Atex on sitoutunut toiminnassaan noudattamaan tietosuojaan ja tietoturvaan liittyvi\u00e4 lakeja ja asetuksia. Henkil\u00f6tietojen k\u00e4sittelyss\u00e4 noudatetaan my\u00f6s hyv\u00e4\u00e4 henkil\u00f6tietojen k\u00e4sittelytapaa.<\/p>\n<p><strong>1\u00a0 Tiedot rekisterinpit\u00e4j\u00e4st\u00e4<\/strong><br \/>\nAtex Software Oy<br \/>\nY-tunnus: 1534116-6<br \/>\nKauppiaantie 1<br \/>\n90460 Oulunsalo<\/p>\n<p><strong>2 Rekisterin nimi<\/strong><br \/>\nAtexin Verkkopalvelujen k\u00e4ytt\u00e4j\u00e4t<\/p>\n<p><strong>3 Henkil\u00f6tietojen k\u00e4sittelyn tarkoitus<\/strong><br \/>\nHenkil\u00f6tietojen k\u00e4sittelyn tarkoituksena on Palveluiden tarjoaminen k\u00e4ytt\u00e4jille. K\u00e4ytt\u00e4jien henkil\u00f6tietoja k\u00e4ytet\u00e4\u00e4n p\u00e4\u00e4asiassa Palveluiden tuottamiseen, yll\u00e4pitoon ja kehitt\u00e4miseen sek\u00e4 asiakastiedottamiseen.<\/p>\n<p>Henkil\u00f6tietojen k\u00e4sittelyn tarkoituksena on my\u00f6s tarjota mahdollisuus tehd\u00e4 yhteydenottopyynt\u00f6 verkkosivuston kautta Atexille. Henkil\u00f6lt\u00e4 kysyt\u00e4\u00e4n yhteystiedot pyynn\u00f6n k\u00e4sittely\u00e4 varten.<\/p>\n<p>Palveluiden k\u00e4ytt\u00e4jien ja yhteydenottopyynn\u00f6n j\u00e4tt\u00e4neiden henkil\u00f6iden tietoja voidaan k\u00e4sitell\u00e4 my\u00f6s (i) asiakassuhteen yll\u00e4pit\u00e4miseen ja luomiseen, (ii) Palveluiden markkinointiin ja myyntiin, (iii) Atexin liiketoiminnan ja asiakaspalvelun kehitt\u00e4miseen.<br \/>\nHenkil\u00f6tietojen k\u00e4sittelyteht\u00e4vi\u00e4 voidaan mahdollisesti ulkoistaa ulkopuolisille palveluntarjoajille tietosuojalains\u00e4\u00e4d\u00e4nn\u00f6n mukaisesti ja sen asettamissa rajoitteissa.<\/p>\n<p><strong>4 Tietosis\u00e4lt\u00f6<\/strong><br \/>\nRekisteriin voidaan tallentaa seuraavia Palveluiden k\u00e4ytt\u00e4ji\u00e4 koskevia tietoja: (i) nimi, (ii) s\u00e4hk\u00f6postiosoite, (iii) puhelinnumero ja (iiii) palvelua k\u00e4ytt\u00e4v\u00e4n yrityksen nimi.<\/p>\n<p>Rekisteriin voidaan tallentaa seuraavia yhteydenottopyynn\u00f6n j\u00e4tt\u00e4neit\u00e4 henkil\u00f6it\u00e4 koskevia tietoja: (i) nimi, (ii) s\u00e4hk\u00f6postiosoite ja (iii) yhteydenottopyynn\u00f6n aihe.<\/p>\n<p><strong>5 S\u00e4\u00e4nn\u00f6nmukaiset tietol\u00e4hteet<\/strong><br \/>\nHenkil\u00f6tietoja ker\u00e4t\u00e4\u00e4n ensisijaisesti suoraan yhteydenottopyynn\u00f6n j\u00e4tt\u00e4neelt\u00e4 henkil\u00f6lt\u00e4 ja Palveluiden k\u00e4ytt\u00e4j\u00e4lt\u00e4 tilauksien, sopimusten tai muun yhteydenoton perusteella ja silloin, kun k\u00e4ytt\u00e4j\u00e4 k\u00e4ytt\u00e4\u00e4 Atexin tarjoamia Palveluita.<\/p>\n<p><strong>6 Henkil\u00f6tietojen s\u00e4ilytysaika<\/strong><br \/>\nHenkil\u00f6tietoja s\u00e4ilytet\u00e4\u00e4n rekistereiss\u00e4 m\u00e4\u00e4rittelem\u00e4tt\u00f6m\u00e4n ajan. Atex voi k\u00e4sitell\u00e4 henkil\u00f6tietoja verotuksellisiin ja lakis\u00e4\u00e4teisiin tarkoituksiin niin kauan kuin se on tarpeen.<\/p>\n<p><strong>7 Henkil\u00f6tietojen luovutukset ja siirrot<\/strong><br \/>\nAtex voi luovuttaa henkil\u00f6tietoja voimassaolevan lains\u00e4\u00e4d\u00e4nn\u00f6n asettamissa rajoissa sek\u00e4 edell\u00e4 mainituissa tarkoituksissa, ellei soveltuvasta lains\u00e4\u00e4d\u00e4nn\u00f6st\u00e4 muuta johdu. Henkil\u00f6tietoja voidaan luovuttaa viranomaisille tietosuojalains\u00e4\u00e4d\u00e4nn\u00f6n asettamissa puitteissa.<br \/>\nHenkil\u00f6tietoja ei luovuteta tai siirret\u00e4 EU:n ja ETA:n ulkopuolelle.<\/p>\n<p><strong>8 Henkil\u00f6tietojen suojauksen periaatteet<\/strong><br \/>\nAtex kiinnitt\u00e4\u00e4 erityist\u00e4 huomiota tietosuojaan ja tietoturvaan suojatakseen henkil\u00f6tietoja. Tietosuojasta ja tietoturvasta huolehtivat siihen erikseen nimetyt henkil\u00f6t. Henkil\u00f6tiedot on suojattu asianmukaisesti teknisin ja hallinnollisin keinoin.<br \/>\nHenkil\u00f6tietoihin on p\u00e4\u00e4sy ainoastaan Atexin ty\u00f6ntekij\u00f6ill\u00e4 ja valtuutetuilla alihankkijoilla. Henkil\u00f6tietoihin p\u00e4\u00e4sy on edellytt\u00e4\u00e4 henkil\u00f6kohtaista k\u00e4ytt\u00e4j\u00e4tunnusta ja salasanaa.<\/p>\n<p><strong>9 Henkil\u00f6tietojen k\u00e4sittelyyn liittyv\u00e4t rekister\u00f6idyn oikeudet<\/strong><br \/>\n9.1 Rekister\u00f6idyn oikeus saada p\u00e4\u00e4sy tietoihin (tarkastusoikeus)<br \/>\nRekister\u00f6idyll\u00e4 on oikeus tarkastaa, mit\u00e4 tietoja Atex on h\u00e4nest\u00e4 ker\u00e4nnyt tai ettei rekisteriin ole tallennettu h\u00e4nt\u00e4 koskevia tietoja. Tarkastusoikeuden k\u00e4ytt\u00e4mist\u00e4 koskeva pyynt\u00f6 tulee esitt\u00e4\u00e4 Atexille t\u00e4m\u00e4n tietosuojaselosteen kohdan 10 mukaisesti. Tarkastusoikeus voidaan kuitenkin ev\u00e4t\u00e4 lainmukaisilla perusteilla. Tarkastusoikeuden k\u00e4ytt\u00e4misest\u00e4 ei perit\u00e4 maksua.<\/p>\n<p>9.2 Rekister\u00f6idyn oikeus vaatia tiedon oikaisemista tai poistamista<br \/>\nRekister\u00f6idyll\u00e4 on oikeus vaatia Atexia oikaisemaan h\u00e4nt\u00e4 koskevat ep\u00e4tarkat tai virheelliset henkil\u00f6tiedot tai t\u00e4ydent\u00e4m\u00e4\u00e4n puutteellisia henkil\u00f6tietoja. Rekister\u00f6idyll\u00e4 on oikeus vaatia henkil\u00f6tietojensa poistamista.<br \/>\nEdell\u00e4 mainittujen oikeuksien k\u00e4ytt\u00e4miseksi rekister\u00f6idyn tulee esitt\u00e4\u00e4 pyynt\u00f6 Atexille t\u00e4m\u00e4n tietosuojaselosteen kohdan 10 mukaisesti.<\/p>\n<p>9.3 Rekister\u00f6idyn oikeus rajoittaa tietojen k\u00e4sittely\u00e4<br \/>\nMik\u00e4li Atex k\u00e4sittelee rekister\u00f6idyn henkil\u00f6tietoja, rekister\u00f6idyll\u00e4 on oikeus rajoittaa henkil\u00f6tietojensa k\u00e4sittely\u00e4. Pyynt\u00f6 henkil\u00f6tietojen k\u00e4sittelyn rajoittamiseksi tulee esitt\u00e4\u00e4 Atexille t\u00e4m\u00e4n tietosuojaselosteen kohdan 10 mukaisesti.<\/p>\n<p>9.4 Rekister\u00f6idyn oikeus tehd\u00e4 valitus valvontaviranomaiselle<br \/>\nRekister\u00f6idyll\u00e4 on oikeus tehd\u00e4 valitus toimivaltaiselle tietosuojaviranomaiselle, jos se katsoo, ett\u00e4 Atex ei ole noudattanut sille tietosuojalains\u00e4\u00e4d\u00e4nn\u00f6ss\u00e4 asetettuja velvollisuuksia.<\/p>\n<p>9.5 Muut oikeudet<br \/>\nMik\u00e4li henkil\u00f6tietojen k\u00e4sittely perustuu rekister\u00f6idyn suostumukseen, rekister\u00f6idyll\u00e4 on oikeus peruuttaa suostumuksensa ilmoittamalla asiasta Atexille t\u00e4h\u00e4n tietosuojaselosteen kohdan 10 mukaisesti.<\/p>\n<p>9.6 Muutokset tietosuojaselosteeseen<br \/>\nAtex voi ajoittain tehd\u00e4 muutoksia t\u00e4h\u00e4n tietosuojaselosteeseen. Jos t\u00e4t\u00e4 tietosuojaselostetta kuitenkin olennaisesti muutetaan, Atex ilmoittaa asiasta t\u00e4m\u00e4n tietosuojaselosteen alussa ja verkkosivustolla 30 p\u00e4iv\u00e4n ajan. Atex suosittelee lukemaan t\u00e4t\u00e4 tietosuojaselostetta aika ajoin saadaksesi tiedon t\u00e4h\u00e4n tietosuojaselosteeseen mahdollisesti tehdyist\u00e4 muutoksista.<\/p>\n<p><strong>10 Ev\u00e4steet<\/strong><br \/>\nAtex ei k\u00e4yt\u00e4 verkkosivuillaan ev\u00e4steit\u00e4.<\/p>\n<p><strong>11 Yhteydenotot<\/strong><br \/>\nKaikissa henkil\u00f6tietojen k\u00e4sittelyyn ja rekister\u00f6idyn oikeuksien k\u00e4ytt\u00e4miseen liittyviss\u00e4 kysymyksiss\u00e4 voit olla yhteydess\u00e4 meihin. Voit l\u00e4hett\u00e4\u00e4 t\u00e4h\u00e4n tietosuojaselosteen liittyv\u00e4t tiedustelut osoitteeseen: atexsoftware@atex.com.<\/p>\n","protected":false},"excerpt":{"rendered":"<p>T\u00e4m\u00e4n tietosuojaselosteen (j\u00e4ljemp\u00e4n\u00e4 \u201dSeloste\u201d) tarkoituksena on kuvata niit\u00e4 henkil\u00f6tietojen k\u00e4sittely\u00e4 koskevia periaatteita ja k\u00e4yt\u00e4nt\u00f6j\u00e4, joita Atex Software Oy:ss\u00e4 (j\u00e4ljemp\u00e4n\u00e4 \u201dAtex\u201d) [&hellip;]<\/p>\n","protected":false},"author":1,"featured_media":0,"parent":54272,"menu_order":0,"comment_status":"closed","ping_status":"closed","template":"","meta":{"footnotes":""},"class_list":["post-56186","page","type-page","status-publish","hentry"],"_links":{"self":[{"href":"https:\/\/www.jaicom.com\/fi\/wp-json\/wp\/v2\/pages\/56186","targetHints":{"allow":["GET"]}}],"collection":[{"href":"https:\/\/www.jaicom.com\/fi\/wp-json\/wp\/v2\/pages"}],"about":[{"href":"https:\/\/www.jaicom.com\/fi\/wp-json\/wp\/v2\/types\/page"}],"author":[{"embeddable":true,"href":"https:\/\/www.jaicom.com\/fi\/wp-json\/wp\/v2\/users\/1"}],"replies":[{"embeddable":true,"href":"https:\/\/www.jaicom.com\/fi\/wp-json\/wp\/v2\/comments?post=56186"}],"version-history":[{"count":8,"href":"https:\/\/www.jaicom.com\/fi\/wp-json\/wp\/v2\/pages\/56186\/revisions"}],"predecessor-version":[{"id":57557,"href":"https:\/\/www.jaicom.com\/fi\/wp-json\/wp\/v2\/pages\/56186\/revisions\/57557"}],"up":[{"embeddable":true,"href":"https:\/\/www.jaicom.com\/fi\/wp-json\/wp\/v2\/pages\/54272"}],"wp:attachment":[{"href":"https:\/\/www.jaicom.com\/fi\/wp-json\/wp\/v2\/media?parent=56186"}],"curies":[{"name":"wp","href":"https:\/\/api.w.org\/{rel}","templated":true}]}}