{"id":55283,"date":"2017-08-29T16:41:17","date_gmt":"2017-08-29T13:41:17","guid":{"rendered":"https:\/\/www.jaicom.com\/?page_id=55283"},"modified":"2025-03-22T10:49:24","modified_gmt":"2025-03-22T08:49:24","slug":"ulkoistettu-asiakaspalvelu-2","status":"publish","type":"page","link":"https:\/\/www.jaicom.com\/fi\/palvelut\/ulkoistettu-asiakaspalvelu-2\/","title":{"rendered":"Ulkoistettu asiakaspalvelu"},"content":{"rendered":"<p>[vc_row row_height_percent=&#8221;0&#8243; back_color=&#8221;color-xsdn&#8221; overlay_alpha=&#8221;80&#8243; gutter_size=&#8221;3&#8243; shift_y=&#8221;0&#8243; row_name=&#8221;asiakashallinta&#8221;][vc_column column_width_percent=&#8221;100&#8243; gutter_size=&#8221;3&#8243; overlay_alpha=&#8221;50&#8243; shift_x=&#8221;0&#8243; shift_y=&#8221;0&#8243; z_index=&#8221;0&#8243; medium_width=&#8221;0&#8243; width=&#8221;7\/12&#8243;][vc_column_text uncode_shortcode_id=&#8221;137944&#8243;]<strong>Tarjoamme kustantajille ja muille yhteis\u00f6ille kokonaisvaltaista ulkoistuspalvelua asiakkuuksien hallinnointiin. Palveluumme sis\u00e4ltyy kaikki asiakas- ja tilaajapalveluun liittyv\u00e4t toiminnot eri kanavissa. Atexin tarjoaman palvelun avulla saat merkitt\u00e4vi\u00e4 kustannuss\u00e4\u00e4st\u00f6j\u00e4 ja lis\u00e4tehokkuutta asiakaspalveluun.<\/strong><\/p>\n<h4>Kattava raportointi<\/h4>\n<p>Palveluumme sis\u00e4ltyy kattavat reaaliaikaiset raportit. Selainpohjaiset k\u00e4ytt\u00f6liittym\u00e4t tarjoavat mahdollisuuden seurata sek\u00e4 levikin kehittymist\u00e4 ett\u00e4 laskutusprosessin eri vaiheita aikaan tai paikkaan katsomatta. Kaikista palvelukanavista \u2013 puheluista, s\u00e4hk\u00f6posteista ja chatista \u2013 on saatavissa tarkat tiedot vastausaikoineen.<\/p>\n<h4>Avustava kirjanpito<\/h4>\n<p>Asiakkaan valtuutuksella noudamme viitesuoritukset pankista p\u00e4ivitt\u00e4in. Hoidamme my\u00f6s viitteett\u00f6mien suoritusten kohdistukset ja selvit\u00e4mme mahdolliset virhelistat asiakkaan puolesta.<\/p>\n<h4 style=\"margin-bottom: 20px;\">Atex Contact Centerin palveluvalikoima:<\/h4>\n<ul class=\"icons\">\n<li><i class=\"fa fa-check-circle-o text-color-123249-color\"><\/i>Asiakas- ja tilausrekisterin hallinta\n<ul class=\"sublist\">\n<li>Tarjousrakenteet ja kampanjat<\/li>\n<li>Asiakastietojen huolto<\/li>\n<li>Peruutusten torjunta<\/li>\n<li>Osoiteajot painotaloille<\/li>\n<li>Varastointipalvelut<\/li>\n<li>Kuoritus- ja postituspalvelu<\/li>\n<li>Myynnin seuranta<\/li>\n<\/ul>\n<\/li>\n<li><i class=\"fa fa-check-circle-o text-color-123249-color\"><\/i>Laskutus<\/li>\n<li><i class=\"fa fa-check-circle-o text-color-123249-color\"><\/i>Reskontra<\/li>\n<li><i class=\"fa fa-check-circle-o text-color-123249-color\"><\/i>Raportointi<\/li>\n<li><i class=\"fa fa-check-circle-o text-color-123249-color\"><\/i>Markkinoinnin tuki<\/li>\n<\/ul>\n<p>[\/vc_column_text][\/vc_column][vc_column column_width_percent=&#8221;100&#8243; gutter_size=&#8221;3&#8243; overlay_alpha=&#8221;50&#8243; shift_x=&#8221;0&#8243; shift_y=&#8221;0&#8243; z_index=&#8221;0&#8243; medium_width=&#8221;0&#8243; width=&#8221;5\/12&#8243;][uncode_block id=&#8221;56149&#8243; inside_column=&#8221;yes&#8221;][vc_row_inner row_inner_height_percent=&#8221;0&#8243; overlay_alpha=&#8221;50&#8243; gutter_size=&#8221;3&#8243; border_color=&#8221;color-366523&#8243; border_style=&#8221;solid&#8221; shift_y=&#8221;0&#8243; css=&#8221;.vc_custom_1504012853273{border-top-width: 1px !important;border-right-width: 1px !important;border-bottom-width: 1px !important;border-left-width: 1px !important;padding-top: 18px !important;padding-right: 15px !important;padding-bottom: 25px !important;padding-left: 20px !important;}&#8221;][vc_column_inner width=&#8221;1\/1&#8243;][vc_custom_heading text_color=&#8221;color-xsdn&#8221;]<\/p>\n<h3>Miten hy\u00f6dyt:<\/h3>\n<p>[\/vc_custom_heading][vc_column_text]<\/p>\n<ul class=\"icons\">\n<li><i class=\"fa fa-check-circle-o text-color-123249-color\"><\/i>Saumaton asiakaskokemus eri palvelukanavien v\u00e4lill\u00e4<\/li>\n<li><i class=\"fa fa-check-circle-o text-color-123249-color\"><\/i>Palvelun laadun varmistaminen ja palvelun skaalautuvuus eri ajankohtina, kuten ruuhka-aikoina<\/li>\n<li><i class=\"fa fa-check-circle-o text-color-123249-color\"><\/i>Palvelukielet suomi, ruotsi ja englanti<\/li>\n<li><i class=\"fa fa-check-circle-o text-color-123249-color\"><\/i>Asiakaspalvelu tehostuu ja tuo kustannuss\u00e4\u00e4st\u00f6j\u00e4<\/li>\n<\/ul>\n<p>[\/vc_column_text][\/vc_column_inner][\/vc_row_inner][vc_row_inner row_inner_height_percent=&#8221;0&#8243; back_color=&#8221;color-932394&#8243; overlay_alpha=&#8221;50&#8243; gutter_size=&#8221;3&#8243; shift_y=&#8221;0&#8243; css=&#8221;.vc_custom_1509181641135{padding-top: 20px !important;padding-right: 20px !important;padding-bottom: 20px !important;padding-left: 20px !important;}&#8221;][vc_column_inner width=&#8221;1\/1&#8243;][vc_single_image media=&#8221;57651&#8243; media_lightbox=&#8221;yes&#8221; media_width_percent=&#8221;100&#8243; el_class=&#8221;suurenna&#8221; uncode_shortcode_id=&#8221;335409&#8243;][\/vc_column_inner][\/vc_row_inner][\/vc_column][\/vc_row]<\/p>\n","protected":false},"excerpt":{"rendered":"<p>[vc_row row_height_percent=&#8221;0&#8243; back_color=&#8221;color-xsdn&#8221; overlay_alpha=&#8221;80&#8243; gutter_size=&#8221;3&#8243; shift_y=&#8221;0&#8243; row_name=&#8221;asiakashallinta&#8221;][vc_column column_width_percent=&#8221;100&#8243; gutter_size=&#8221;3&#8243; overlay_alpha=&#8221;50&#8243; shift_x=&#8221;0&#8243; shift_y=&#8221;0&#8243; z_index=&#8221;0&#8243; medium_width=&#8221;0&#8243; width=&#8221;7\/12&#8243;][vc_column_text uncode_shortcode_id=&#8221;137944&#8243;]Tarjoamme kustantajille ja muille yhteis\u00f6ille [&hellip;]<\/p>\n","protected":false},"author":1,"featured_media":0,"parent":54487,"menu_order":0,"comment_status":"open","ping_status":"closed","template":"","meta":{"footnotes":""},"class_list":["post-55283","page","type-page","status-publish","hentry"],"_links":{"self":[{"href":"https:\/\/www.jaicom.com\/fi\/wp-json\/wp\/v2\/pages\/55283","targetHints":{"allow":["GET"]}}],"collection":[{"href":"https:\/\/www.jaicom.com\/fi\/wp-json\/wp\/v2\/pages"}],"about":[{"href":"https:\/\/www.jaicom.com\/fi\/wp-json\/wp\/v2\/types\/page"}],"author":[{"embeddable":true,"href":"https:\/\/www.jaicom.com\/fi\/wp-json\/wp\/v2\/users\/1"}],"replies":[{"embeddable":true,"href":"https:\/\/www.jaicom.com\/fi\/wp-json\/wp\/v2\/comments?post=55283"}],"version-history":[{"count":20,"href":"https:\/\/www.jaicom.com\/fi\/wp-json\/wp\/v2\/pages\/55283\/revisions"}],"predecessor-version":[{"id":57654,"href":"https:\/\/www.jaicom.com\/fi\/wp-json\/wp\/v2\/pages\/55283\/revisions\/57654"}],"up":[{"embeddable":true,"href":"https:\/\/www.jaicom.com\/fi\/wp-json\/wp\/v2\/pages\/54487"}],"wp:attachment":[{"href":"https:\/\/www.jaicom.com\/fi\/wp-json\/wp\/v2\/media?parent=55283"}],"curies":[{"name":"wp","href":"https:\/\/api.w.org\/{rel}","templated":true}]}}