{"id":55110,"date":"2017-08-24T23:58:00","date_gmt":"2017-08-24T20:58:00","guid":{"rendered":"https:\/\/www.jaicom.com\/?page_id=55110"},"modified":"2023-10-18T16:18:30","modified_gmt":"2023-10-18T13:18:30","slug":"hosting-ja-konesalipalvelut","status":"publish","type":"page","link":"https:\/\/www.jaicom.com\/fi\/palvelut\/hosting-ja-konesalipalvelut\/","title":{"rendered":"Hosting- ja konesalipalvelut"},"content":{"rendered":"<p>[vc_row row_height_percent=&#8221;0&#8243; back_color=&#8221;color-xsdn&#8221; overlay_alpha=&#8221;80&#8243; gutter_size=&#8221;3&#8243; shift_y=&#8221;0&#8243; row_name=&#8221;asiakashallinta&#8221;][vc_column column_width_percent=&#8221;100&#8243; gutter_size=&#8221;3&#8243; overlay_alpha=&#8221;50&#8243; shift_x=&#8221;0&#8243; shift_y=&#8221;0&#8243; z_index=&#8221;0&#8243; medium_width=&#8221;0&#8243; width=&#8221;7\/12&#8243;][vc_column_text]<strong>Tarjoamme yrityksille laadukkaita, t\u00e4yden palvelun palvelinresursseja.<\/strong><br \/>\n<strong>Valikoimassamme on vuokrattavia virtuaalipalvelimia ja fyysisi\u00e4, dedikoituja palvelimia. Asiantuntijamme hoitavat asennukset ja yll\u00e4pidon, joten asiakkaalle k\u00e4ytt\u00f6\u00f6notto on helppoa ja edullista.<\/strong><\/p>\n<p>Virtuaalipalvelimen saa nopeasti k\u00e4ytt\u00f6\u00f6n ja se skaalautuu joustavasti asiakkaan tarpeiden mukaan. Palvelimen ominaisuuksien p\u00e4ivitt\u00e4minen tai muokkaaminen ei vaadi k\u00e4ynti\u00e4 konesalissa.<\/p>\n<p>Palvelimet sijaitsevat suojatussa suomalaisessa konesalissa, jonka tietoliikenneyhteydet on kahdennettu. Tilat t\u00e4ytt\u00e4v\u00e4t Viestint\u00e4viraston m\u00e4\u00e4r\u00e4ykset t\u00e4rkeysluokkien 1 ja 2 laitetiloille<br \/>\n(Viestint\u00e4virasto 54 B\/2014 M).[\/vc_column_text][\/vc_column][vc_column column_width_percent=&#8221;100&#8243; gutter_size=&#8221;3&#8243; overlay_alpha=&#8221;50&#8243; shift_x=&#8221;0&#8243; shift_y=&#8221;0&#8243; z_index=&#8221;0&#8243; medium_width=&#8221;0&#8243; width=&#8221;5\/12&#8243;][uncode_block id=&#8221;55889&#8243; inside_column=&#8221;yes&#8221;][\/vc_column][\/vc_row][vc_row row_height_percent=&#8221;0&#8243; back_color=&#8221;color-681190&#8243; overlay_alpha=&#8221;0&#8243; gutter_size=&#8221;3&#8243; shift_y=&#8221;0&#8243;][vc_column column_width_percent=&#8221;100&#8243; position_horizontal=&#8221;left&#8221; position_vertical=&#8221;middle&#8221; align_horizontal=&#8221;align_right&#8221; gutter_size=&#8221;3&#8243; overlay_alpha=&#8221;50&#8243; shift_x=&#8221;0&#8243; shift_y=&#8221;0&#8243; z_index=&#8221;0&#8243; medium_width=&#8221;0&#8243; width=&#8221;1\/1&#8243;][vc_button button_color=&#8221;color-932394&#8243; size=&#8221;btn-xl&#8221; border_width=&#8221;0&#8243; el_class=&#8221;hundred&#8221; link=&#8221;url:https%3A%2F%2Fjaicom-com.hel7.wp-cloud.dev%2Fpalvelut%2F|||&#8221; button_color_type=&#8221;uncode-palette&#8221; uncode_shortcode_id=&#8221;174427&#8243;]Katso kaikki palvelut \u00bb[\/vc_button][\/vc_column][\/vc_row]<\/p>\n","protected":false},"excerpt":{"rendered":"<p>[vc_row row_height_percent=&#8221;0&#8243; back_color=&#8221;color-xsdn&#8221; overlay_alpha=&#8221;80&#8243; gutter_size=&#8221;3&#8243; shift_y=&#8221;0&#8243; row_name=&#8221;asiakashallinta&#8221;][vc_column column_width_percent=&#8221;100&#8243; gutter_size=&#8221;3&#8243; overlay_alpha=&#8221;50&#8243; shift_x=&#8221;0&#8243; shift_y=&#8221;0&#8243; z_index=&#8221;0&#8243; medium_width=&#8221;0&#8243; width=&#8221;7\/12&#8243;][vc_column_text]Tarjoamme yrityksille laadukkaita, t\u00e4yden palvelun palvelinresursseja. [&hellip;]<\/p>\n","protected":false},"author":1,"featured_media":0,"parent":54487,"menu_order":0,"comment_status":"open","ping_status":"closed","template":"","meta":{"footnotes":""},"class_list":["post-55110","page","type-page","status-publish","hentry"],"_links":{"self":[{"href":"https:\/\/www.jaicom.com\/fi\/wp-json\/wp\/v2\/pages\/55110","targetHints":{"allow":["GET"]}}],"collection":[{"href":"https:\/\/www.jaicom.com\/fi\/wp-json\/wp\/v2\/pages"}],"about":[{"href":"https:\/\/www.jaicom.com\/fi\/wp-json\/wp\/v2\/types\/page"}],"author":[{"embeddable":true,"href":"https:\/\/www.jaicom.com\/fi\/wp-json\/wp\/v2\/users\/1"}],"replies":[{"embeddable":true,"href":"https:\/\/www.jaicom.com\/fi\/wp-json\/wp\/v2\/comments?post=55110"}],"version-history":[{"count":14,"href":"https:\/\/www.jaicom.com\/fi\/wp-json\/wp\/v2\/pages\/55110\/revisions"}],"predecessor-version":[{"id":57577,"href":"https:\/\/www.jaicom.com\/fi\/wp-json\/wp\/v2\/pages\/55110\/revisions\/57577"}],"up":[{"embeddable":true,"href":"https:\/\/www.jaicom.com\/fi\/wp-json\/wp\/v2\/pages\/54487"}],"wp:attachment":[{"href":"https:\/\/www.jaicom.com\/fi\/wp-json\/wp\/v2\/media?parent=55110"}],"curies":[{"name":"wp","href":"https:\/\/api.w.org\/{rel}","templated":true}]}}