{"id":54683,"date":"2017-07-11T09:33:42","date_gmt":"2017-07-11T06:33:42","guid":{"rendered":"https:\/\/www.jaicom.com\/?page_id=54683"},"modified":"2023-10-18T16:11:33","modified_gmt":"2023-10-18T13:11:33","slug":"asiakashallintajarjestelma","status":"publish","type":"page","link":"https:\/\/www.jaicom.com\/fi\/palvelut\/asiakashallintajarjestelma\/","title":{"rendered":"Asiakashallintaj\u00e4rjestelm\u00e4"},"content":{"rendered":"<p>[vc_row row_height_percent=&#8221;0&#8243; back_color=&#8221;color-lxmt&#8221; overlay_alpha=&#8221;50&#8243; gutter_size=&#8221;3&#8243; shift_y=&#8221;0&#8243;][vc_column width=&#8221;1\/1&#8243;][vc_raw_html]JTIwJTIwJTIwJTIwJTIwJTIwJTIwJTIwJTIwJTIwJTIwJTIwJTIwJTIwJTNDZGl2JTIwY2xhc3MlM0QlMjJtZW51LWhvcml6b250YWwlMjBtZW51LWxpZ2h0JTIwdGV4dC1jZW50ZXIlMjBhbGFtZW51JTIyJTNFJTBBJTIwJTIwJTIwJTIwJTIwJTIwJTIwJTIwJTIwJTIwJTIwJTIwJTIwJTIwJTIwJTIwJTIwJTIwJTNDdWwlMjBjbGFzcyUzRCUyMm1lbnUtc21hcnQlMjB0ZXh0LXVwcGVyY2FzZSUyMiUzRSUwQSUyMCUyMCUyMCUyMCUyMCUyMCUyMCUyMCUyMCUyMCUyMCUyMCUyMCUyMCUyMCUyMCUyMCUyMCUwQSUwQSUzQ2xpJTIwY2xhc3MlM0QlMjJmaWx0ZXItY2F0LTElMjIlM0UlM0NzcGFuJTNFJTNDYSUyMGhyZWYlM0QlMjIlMjNhc2lha2FzaGFsbGludGElMjIlMjBjbGFzcyUzRCUyMiUyMiUzRUtheWFrJTIwQXNpYWthc2hhbGxpbnRhJTNDJTJGYSUzRSUzQyUyRnNwYW4lM0UlM0MlMkZsaSUzRSUwQSUwQSUyMCUyMCUzQ2xpJTIwY2xhc3MlM0QlMjJmaWx0ZXItY2F0LTMlMjIlM0UlM0NzcGFuJTNFJTNDYSUyMGhyZWYlM0QlMjIlMjNwbHVzJTIyJTIwJTIwY2xhc3MlM0QlMjIlMjIlM0VLYXlhayUyMFBsdXMlMjAtbGFhamVubnVrc2V0JTNDJTJGYSUzRSUzQyUyRnNwYW4lM0UlM0MlMkZsaSUzRSUwQSUwQSUyMCUzQ2xpJTIwY2xhc3MlM0QlMjJmaWx0ZXItY2F0LTIlMjIlM0UlM0NzcGFuJTNFJTNDYSUyMGhyZWYlM0QlMjIlMjNzYWFzJTIyJTIwJTIwY2xhc3MlM0QlMjIlMjIlM0VLYXlhayUyMENsb3VkJTNDJTJGYSUzRSUzQyUyRnNwYW4lM0UlM0MlMkZsaSUzRSUwQSUwQSUwQSUzQyUyRnVsJTNFJTBBJTIwJTIwJTIwJTIwJTIwJTIwJTIwJTIwJTIwJTIwJTIwJTIwJTIwJTIwJTNDJTJGZGl2JTNFJTBBJTIwJTIwJTIwJTIwJTIwJTIwJTIwJTIwJTIwJTIw[\/vc_raw_html][\/vc_column][\/vc_row][vc_row row_height_percent=&#8221;0&#8243; back_color=&#8221;color-xsdn&#8221; overlay_alpha=&#8221;80&#8243; gutter_size=&#8221;3&#8243; shift_y=&#8221;0&#8243; row_name=&#8221;asiakashallinta&#8221;][vc_column column_width_percent=&#8221;100&#8243; position_vertical=&#8221;middle&#8221; gutter_size=&#8221;3&#8243; overlay_alpha=&#8221;50&#8243; shift_x=&#8221;0&#8243; shift_y=&#8221;0&#8243; z_index=&#8221;0&#8243; medium_width=&#8221;0&#8243; width=&#8221;7\/12&#8243;][vc_column_text uncode_shortcode_id=&#8221;186033&#8243;]<strong>Kayak on kattava j\u00e4rjestelm\u00e4 tilausten ja jakelun hallintaan. Sen avulla hoidat painettujen ja digitaalisten tuotteiden ja palvelujen asiakaspalvelun, laskutuksen, reskontran, markkinoinnin ja myynnin. My\u00f6s painettujen tuotteiden postitus ja jakelu liittymineen varmistaa osaltaan logistiikkaketjun toimivuuden. Digitaalisten tuotteiden osalta lukuoikeuksien hallintaan liittyv\u00e4t ratkaisut rajapintoineen antavat mahdollisuuden hy\u00f6dynt\u00e4\u00e4 Kayakin keskitetty\u00e4 asiakastietokantaa erilaisten sis\u00e4lt\u00f6jen kohdentamisessa ja tilaamisessa.<\/strong><\/p>\n<h4>K\u00e4ytt\u00e4j\u00e4yst\u00e4v\u00e4llisyys on ollut suunnittelun l\u00e4ht\u00f6kohtana<\/h4>\n<p>Kayakin k\u00e4ytt\u00f6liittym\u00e4 on suunniteltu asiakaspalvelun tarpeisiin yhdess\u00e4 k\u00e4ytett\u00e4vyysasiantuntijoiden kanssa. Asiakaspalvelumoduulin n\u00e4kym\u00e4t ja ty\u00f6nkulut on suunniteltu ja testattu niin, ett\u00e4 kaikki tarvittavat tiedot ovat helposti saatavilla ja tilausmuutosten tekeminen on mahdollisimman helppoa ja nopeaa.<\/p>\n<h4>Nykyaikainen, tehokas ja r\u00e4\u00e4t\u00e4l\u00f6it\u00e4viss\u00e4<\/h4>\n<p>Modulaarisen rakenteensa ansiosta Kayak on r\u00e4\u00e4t\u00e4l\u00f6it\u00e4viss\u00e4 vastaamaan yrityksesi tarpeita. Liittym\u00e4t ja integraatiot yrityksesi muihin tietoj\u00e4rjestelmiin ovat helppoja toteuttaa avoimen ja joustavan rajapinta-arkkitehtuurin kautta. Reaaliaikainen integraatio j\u00e4rjestelmien v\u00e4lill\u00e4 on helppoa Kayakin SOAP\/Web Service-rajapinnan avulla.<\/p>\n<p>Kustantaja voi ulkoistaa meille koko asiakaspalvelun, laskutuksen operoinnin, maksuliikenteen ja postitusaineistojen l\u00e4hett\u00e4misen painoihin. Toteutamme my\u00f6s itsepalvelusivustoja, jotka voidaan kustomoida jokaiselle lehtinimikkeelle erikseen. Kustantaja voi halutessaan keskitty\u00e4 ydinliiketoimintaansa ja seurata tilauskannan kehittymist\u00e4 Atexin tarjoaman BI- ja raportointij\u00e4rjestelm\u00e4n avulla.<\/p>\n<p><strong>Kayak Asiakashallintaj\u00e4rjestelm\u00e4 on saatavana my\u00f6s<a href=\"#saas\"> pilvipalveluna<\/a>.<\/strong>[\/vc_column_text][\/vc_column][vc_column column_width_percent=&#8221;100&#8243; gutter_size=&#8221;3&#8243; overlay_alpha=&#8221;50&#8243; shift_x=&#8221;0&#8243; shift_y=&#8221;0&#8243; z_index=&#8221;0&#8243; medium_width=&#8221;0&#8243; width=&#8221;5\/12&#8243;][uncode_block id=&#8221;55889&#8243; inside_column=&#8221;yes&#8221;][\/vc_column][\/vc_row][vc_row row_height_percent=&#8221;0&#8243; back_color=&#8221;color-681190&#8243; overlay_alpha=&#8221;80&#8243; gutter_size=&#8221;3&#8243; shift_y=&#8221;0&#8243; row_name=&#8221;plus&#8221;][vc_column column_width_percent=&#8221;100&#8243; position_vertical=&#8221;middle&#8221; gutter_size=&#8221;3&#8243; overlay_alpha=&#8221;50&#8243; shift_x=&#8221;0&#8243; shift_y=&#8221;0&#8243; z_index=&#8221;0&#8243; medium_width=&#8221;0&#8243; width=&#8221;1\/1&#8243;][vc_row_inner][vc_column_inner width=&#8221;7\/12&#8243;][vc_column_text]<\/p>\n<h2>Kayak Plus -laajennukset<\/h2>\n<h4>Lis\u00e4palvelut toiminnan tehostamiseksi<\/h4>\n<p>Kayak j\u00e4rjestelm\u00e4\u00e4 t\u00e4ydent\u00e4\u00e4 saumattomasti Kayak Plus -palvelukokonaisuus, joka sis\u00e4lt\u00e4\u00e4 lis\u00e4palveluja yrityksesi asiakashallinnan tarpeisiin. Osa palveluista tuotetaan yhdess\u00e4 valittujen kumppanien kanssa.[\/vc_column_text][\/vc_column_inner][vc_column_inner width=&#8221;5\/12&#8243;][\/vc_column_inner][\/vc_row_inner][vc_row_inner][vc_column_inner width=&#8221;7\/12&#8243;][vc_column_text uncode_shortcode_id=&#8221;854774&#8243;]<strong>Kayak Customer Service | Asiakaspalvelu <\/strong><\/p>\n<ul class=\"icons\">\n<li><i class=\"fa fa-check-circle-o text-color-123249-color\"><\/i>Asiakaspalvelun ulkoistus, mittaaminen ja kehitt\u00e4minen<\/li>\n<\/ul>\n<p><strong>Kayak Cash Flow | Kassavirta <\/strong><\/p>\n<ul class=\"icons\">\n<li><i class=\"fa fa-check-circle-o text-color-123249-color\"><\/i>Laskutus, maksuliikenne- ja perint\u00e4palvelut<\/li>\n<\/ul>\n<p><strong>Kayak eAsiointi | Itsepalvelusivusto <\/strong><\/p>\n<ul class=\"icons\">\n<li><i class=\"fa fa-check-circle-o text-color-123249-color\"><\/i>Itsepalvelusivusto asiakkaille tilausten tekemiseen, omien tietojen\u00a0 ja mm. osoitteiden muutokseen<\/li>\n<\/ul>\n<p><strong>Kayak SSO | Digitaalisten sis\u00e4lt\u00f6jen k\u00e4ytt\u00f6oikeushallinta <\/strong><\/p>\n<ul class=\"icons\">\n<li><i class=\"fa fa-check-circle-o text-color-123249-color\"><\/i>Kertakirjautumismoduli (SSO) tarjoaa rajapintapalvelut tilattujen tuotteiden sis\u00e4lt\u00f6jen k\u00e4ytt\u00f6oikeuksien hallintaan<\/li>\n<\/ul>\n<p><strong>Kayak Kampanjaty\u00f6kalu | Selainpohjainen ty\u00f6kalu verkkokampanjoiden luomiseen <\/strong><\/p>\n<ul class=\"icons\">\n<li><i class=\"fa fa-check-circle-o text-color-123249-color\"><\/i>Ty\u00f6kalu, jonka avulla verkkokampanja on helppo ja nopea perustaa. Kampanjan perustiedot tuodaan suoraan Kayakista ja verkkoa varten kampanjasivu t\u00e4ydennet\u00e4\u00e4n kuvilla ja markkinointiteksteill\u00e4. Ty\u00f6kalussa on p\u00e4\u00e4k\u00e4ytt\u00e4j\u00e4n\u00e4kym\u00e4 kampanjan luomiseen ja loppuk\u00e4ytt\u00e4j\u00e4n n\u00e4kym\u00e4 suunnitteluun ja julkaisuun. Kampanjaan kuuluvien tilaajalahjojen hallinta sis\u00e4ltyy ty\u00f6kaluun.<\/li>\n<\/ul>\n<p><strong>Kayak Plus BI | QlikSense <\/strong><\/p>\n<ul class=\"icons\">\n<li><i class=\"fa fa-check-circle-o text-color-123249-color\"><\/i>Qlik Sense -teknologiaan perustuva Business Intelligence -ratkaisu<\/li>\n<\/ul>\n<p><strong>Kayak Lookup (tilaajatarkistus) (Arena Interactive Oy) <\/strong><\/p>\n<ul class=\"icons\">\n<li><i class=\"fa fa-check-circle-o text-color-123249-color\"><\/i>Tilaajatietojen tarkistus ja viestinn\u00e4n jatkotoiminnot tarkistuksen perusteella<\/li>\n<\/ul>\n<p><strong>Kayak Plus Messages (SMS &amp; Email) (Arena Interactive Oy) <\/strong><\/p>\n<ul class=\"icons\">\n<li><i class=\"fa fa-check-circle-o text-color-123249-color\"><\/i>Messages-ty\u00f6kalulla voidaan asiakkaalle l\u00e4hett\u00e4\u00e4 yksisuuntaisia markkinointiviestej\u00e4 tai kaksisuuntaisia kampanjaviestej\u00e4, joihin asiakas voi vastata valitsemalla haluamansa tilausvaihtoehdon<\/li>\n<\/ul>\n<p><strong>Kayak Plus Dialog | Markkinoinnin automaatio (Roger Studio Oy) <\/strong><\/p>\n<ul class=\"icons\">\n<li><i class=\"fa fa-check-circle-o text-color-123249-color\"><\/i>Automatisoitu asiakkuuksien hoitaminen Kayak-asiakastiedoilla<\/li>\n<\/ul>\n<p><strong>Kayak Hosting <\/strong><\/p>\n<ul class=\"icons\">\n<li><i class=\"fa fa-check-circle-o text-color-123249-color\"><\/i>Turvallinen kotimainen konesalipalvelu<\/li>\n<\/ul>\n<p>[\/vc_column_text][\/vc_column_inner][vc_column_inner column_width_percent=&#8221;100&#8243; gutter_size=&#8221;3&#8243; back_color=&#8221;color-932394&#8243; overlay_alpha=&#8221;50&#8243; shift_x=&#8221;0&#8243; shift_y=&#8221;0&#8243; z_index=&#8221;0&#8243; medium_width=&#8221;0&#8243; width=&#8221;5\/12&#8243; css=&#8221;.vc_custom_1510173745979{padding-top: 20px !important;padding-right: 20px !important;padding-bottom: 20px !important;padding-left: 20px !important;}&#8221;][vc_single_image media=&#8221;56012&#8243; media_lightbox=&#8221;yes&#8221; media_width_percent=&#8221;100&#8243; el_class=&#8221;suurenna&#8221;][\/vc_column_inner][\/vc_row_inner][\/vc_column][\/vc_row][vc_row row_height_percent=&#8221;0&#8243; overlay_alpha=&#8221;100&#8243; gutter_size=&#8221;3&#8243; shift_y=&#8221;0&#8243; row_name=&#8221;saas&#8221;][vc_column column_width_percent=&#8221;100&#8243; position_vertical=&#8221;middle&#8221; gutter_size=&#8221;3&#8243; overlay_alpha=&#8221;50&#8243; shift_x=&#8221;0&#8243; shift_y=&#8221;0&#8243; z_index=&#8221;0&#8243; medium_width=&#8221;0&#8243; width=&#8221;7\/12&#8243;][vc_column_text]<\/p>\n<h2>Kayak Cloud<\/h2>\n<h4>Kayak Asiakashallintaj\u00e4rjestelm\u00e4 k\u00e4ytt\u00f6\u00f6n pilvipalveluna<\/h4>\n<p>Kayak Cloud -palvelu on yksinkertaisimmillaan Kayak-j\u00e4rjestelm\u00e4 verkossa, mutta se skaalautuu tarpeen mukaan kokonaisvaltaiseksi palveluksi sis\u00e4lt\u00e4en kaikki asiakaspalveluun liittyv\u00e4t toiminnot aina maksuliikennevalvontaan asti. Kayak Cloud soveltuu kaikenkokoisille kustantajille ja lis\u00e4ksi my\u00f6s yhdistysk\u00e4ytt\u00f6\u00f6n; j\u00e4sentietojen hallintaan ja oheistuotteiden myyntiin.<\/p>\n<h4>Helppok\u00e4ytt\u00f6inen<\/h4>\n<ul class=\"icons\">\n<li><i class=\"fa fa-check-circle-o text-color-123249-color\"><\/i>K\u00e4ytett\u00e4viss\u00e4 milloin ja miss\u00e4 tahansa, tarvitset vain selaimen ja internet-yhteyden<\/li>\n<li><i class=\"fa fa-check-circle-o text-color-123249-color\"><\/i>Toimii Windows\/Mac\/Linux \u2013ymp\u00e4rist\u00f6iss\u00e4 sek\u00e4 tableteissa<\/li>\n<\/ul>\n<h4>Turvallinen<\/h4>\n<ul class=\"icons\">\n<li><i class=\"fa fa-check-circle-o text-color-123249-color\"><\/i>K\u00e4ytt\u00e4jien yhteydet ohjelmistoon on salattu ja suojattu palomuurilla<\/li>\n<li><i class=\"fa fa-check-circle-o text-color-123249-color\"><\/i>Palvelimet ja ohjelmistot sijaitsevat Suomessa, turvatussa konesalissa<\/li>\n<li><i class=\"fa fa-check-circle-o text-color-123249-color\"><\/i>Tietoturva on aina ajan tasalla<\/li>\n<\/ul>\n<h4>Kattava raportointi<\/h4>\n<ul class=\"icons\">\n<li><i class=\"fa fa-check-circle-o text-color-123249-color\"><\/i>Kayak Cloud-palvelu sis\u00e4lt\u00e4\u00e4 kattavat raportit levikki-, tilaaja- ja maksuliikennetiedoista.<\/li>\n<\/ul>\n<h4>Kustannustehokas<\/h4>\n<ul class=\"icons\">\n<li><i class=\"fa fa-check-circle-o text-color-123249-color\"><\/i>Palvelu sis\u00e4lt\u00e4\u00e4 yll\u00e4pito- ja tukipalvelut<\/li>\n<li><i class=\"fa fa-check-circle-o text-color-123249-color\"><\/i>Vain k\u00e4ytt\u00e4j\u00e4kohtainen kuukausivuokra<\/li>\n<li><i class=\"fa fa-check-circle-o text-color-123249-color\"><\/i>Ei vaadi lisenssi- tai laitteistohankintoja<\/li>\n<\/ul>\n<p><strong>Kayak Cloud r\u00e4\u00e4t\u00e4l\u00f6id\u00e4\u00e4n yrityksesi tarpeiden mukaan. Palveluun voidaan liitt\u00e4\u00e4 helposti kaikki Kayak Plus -laajennukset.<\/strong>[\/vc_column_text][\/vc_column][vc_column width=&#8221;5\/12&#8243;][vc_empty_space empty_h=&#8221;2&#8243;][vc_row_inner row_inner_height_percent=&#8221;0&#8243; overlay_alpha=&#8221;50&#8243; gutter_size=&#8221;3&#8243; border_color=&#8221;color-366523&#8243; border_style=&#8221;solid&#8221; shift_y=&#8221;0&#8243; css=&#8221;.vc_custom_1504012853273{border-top-width: 1px !important;border-right-width: 1px !important;border-bottom-width: 1px !important;border-left-width: 1px !important;padding-top: 18px !important;padding-right: 15px !important;padding-bottom: 25px !important;padding-left: 20px !important;}&#8221;][vc_column_inner width=&#8221;1\/1&#8243;][vc_custom_heading text_color=&#8221;color-xsdn&#8221;]<\/p>\n<h3>Hy\u00f6dyt<\/h3>\n<p>[\/vc_custom_heading][vc_column_text]<\/p>\n<ul class=\"icons\">\n<li><i class=\"fa fa-check-circle-o text-color-123249-color\"><\/i>Helppok\u00e4ytt\u00f6inen<\/li>\n<li><i class=\"fa fa-check-circle-o text-color-123249-color\"><\/i>Turvallinen<\/li>\n<li><i class=\"fa fa-check-circle-o text-color-123249-color\"><\/i>Kattava raportointi<\/li>\n<li><i class=\"fa fa-check-circle-o text-color-123249-color\"><\/i>Kustannustehokas<\/li>\n<\/ul>\n<p>[\/vc_column_text][\/vc_column_inner][\/vc_row_inner][\/vc_column][\/vc_row][vc_row row_height_percent=&#8221;0&#8243; back_color=&#8221;color-681190&#8243; overlay_alpha=&#8221;0&#8243; gutter_size=&#8221;3&#8243; shift_y=&#8221;0&#8243;][vc_column column_width_percent=&#8221;100&#8243; position_horizontal=&#8221;left&#8221; position_vertical=&#8221;middle&#8221; align_horizontal=&#8221;align_right&#8221; gutter_size=&#8221;3&#8243; overlay_alpha=&#8221;50&#8243; shift_x=&#8221;0&#8243; shift_y=&#8221;0&#8243; z_index=&#8221;0&#8243; medium_width=&#8221;0&#8243; width=&#8221;1\/1&#8243;][vc_button button_color=&#8221;color-932394&#8243; size=&#8221;btn-xl&#8221; border_width=&#8221;0&#8243; el_class=&#8221;hundred&#8221; link=&#8221;url:https%3A%2F%2Fjaicom-com.hel7.wp-cloud.dev%2Fpalvelut%2F|||&#8221; button_color_type=&#8221;uncode-palette&#8221; uncode_shortcode_id=&#8221;920787&#8243;]Katso kaikki palvelut \u00bb[\/vc_button][\/vc_column][\/vc_row]<\/p>\n","protected":false},"excerpt":{"rendered":"<p>[vc_row row_height_percent=&#8221;0&#8243; back_color=&#8221;color-lxmt&#8221; overlay_alpha=&#8221;50&#8243; gutter_size=&#8221;3&#8243; shift_y=&#8221;0&#8243;][vc_column width=&#8221;1\/1&#8243;][vc_raw_html]JTIwJTIwJTIwJTIwJTIwJTIwJTIwJTIwJTIwJTIwJTIwJTIwJTIwJTIwJTNDZGl2JTIwY2xhc3MlM0QlMjJtZW51LWhvcml6b250YWwlMjBtZW51LWxpZ2h0JTIwdGV4dC1jZW50ZXIlMjBhbGFtZW51JTIyJTNFJTBBJTIwJTIwJTIwJTIwJTIwJTIwJTIwJTIwJTIwJTIwJTIwJTIwJTIwJTIwJTIwJTIwJTIwJTIwJTNDdWwlMjBjbGFzcyUzRCUyMm1lbnUtc21hcnQlMjB0ZXh0LXVwcGVyY2FzZSUyMiUzRSUwQSUyMCUyMCUyMCUyMCUyMCUyMCUyMCUyMCUyMCUyMCUyMCUyMCUyMCUyMCUyMCUyMCUyMCUyMCUwQSUwQSUzQ2xpJTIwY2xhc3MlM0QlMjJmaWx0ZXItY2F0LTElMjIlM0UlM0NzcGFuJTNFJTNDYSUyMGhyZWYlM0QlMjIlMjNhc2lha2FzaGFsbGludGElMjIlMjBjbGFzcyUzRCUyMiUyMiUzRUtheWFrJTIwQXNpYWthc2hhbGxpbnRhJTNDJTJGYSUzRSUzQyUyRnNwYW4lM0UlM0MlMkZsaSUzRSUwQSUwQSUyMCUyMCUzQ2xpJTIwY2xhc3MlM0QlMjJmaWx0ZXItY2F0LTMlMjIlM0UlM0NzcGFuJTNFJTNDYSUyMGhyZWYlM0QlMjIlMjNwbHVzJTIyJTIwJTIwY2xhc3MlM0QlMjIlMjIlM0VLYXlhayUyMFBsdXMlMjAtbGFhamVubnVrc2V0JTNDJTJGYSUzRSUzQyUyRnNwYW4lM0UlM0MlMkZsaSUzRSUwQSUwQSUyMCUzQ2xpJTIwY2xhc3MlM0QlMjJmaWx0ZXItY2F0LTIlMjIlM0UlM0NzcGFuJTNFJTNDYSUyMGhyZWYlM0QlMjIlMjNzYWFzJTIyJTIwJTIwY2xhc3MlM0QlMjIlMjIlM0VLYXlhayUyMENsb3VkJTNDJTJGYSUzRSUzQyUyRnNwYW4lM0UlM0MlMkZsaSUzRSUwQSUwQSUwQSUzQyUyRnVsJTNFJTBBJTIwJTIwJTIwJTIwJTIwJTIwJTIwJTIwJTIwJTIwJTIwJTIwJTIwJTIwJTNDJTJGZGl2JTNFJTBBJTIwJTIwJTIwJTIwJTIwJTIwJTIwJTIwJTIwJTIw[\/vc_raw_html][\/vc_column][\/vc_row][vc_row row_height_percent=&#8221;0&#8243; back_color=&#8221;color-xsdn&#8221; overlay_alpha=&#8221;80&#8243; gutter_size=&#8221;3&#8243; shift_y=&#8221;0&#8243; row_name=&#8221;asiakashallinta&#8221;][vc_column column_width_percent=&#8221;100&#8243; position_vertical=&#8221;middle&#8221; gutter_size=&#8221;3&#8243; overlay_alpha=&#8221;50&#8243; shift_x=&#8221;0&#8243; shift_y=&#8221;0&#8243; z_index=&#8221;0&#8243; [&hellip;]<\/p>\n","protected":false},"author":1,"featured_media":0,"parent":54487,"menu_order":0,"comment_status":"open","ping_status":"closed","template":"","meta":{"footnotes":""},"class_list":["post-54683","page","type-page","status-publish","hentry"],"_links":{"self":[{"href":"https:\/\/www.jaicom.com\/fi\/wp-json\/wp\/v2\/pages\/54683","targetHints":{"allow":["GET"]}}],"collection":[{"href":"https:\/\/www.jaicom.com\/fi\/wp-json\/wp\/v2\/pages"}],"about":[{"href":"https:\/\/www.jaicom.com\/fi\/wp-json\/wp\/v2\/types\/page"}],"author":[{"embeddable":true,"href":"https:\/\/www.jaicom.com\/fi\/wp-json\/wp\/v2\/users\/1"}],"replies":[{"embeddable":true,"href":"https:\/\/www.jaicom.com\/fi\/wp-json\/wp\/v2\/comments?post=54683"}],"version-history":[{"count":20,"href":"https:\/\/www.jaicom.com\/fi\/wp-json\/wp\/v2\/pages\/54683\/revisions"}],"predecessor-version":[{"id":57569,"href":"https:\/\/www.jaicom.com\/fi\/wp-json\/wp\/v2\/pages\/54683\/revisions\/57569"}],"up":[{"embeddable":true,"href":"https:\/\/www.jaicom.com\/fi\/wp-json\/wp\/v2\/pages\/54487"}],"wp:attachment":[{"href":"https:\/\/www.jaicom.com\/fi\/wp-json\/wp\/v2\/media?parent=54683"}],"curies":[{"name":"wp","href":"https:\/\/api.w.org\/{rel}","templated":true}]}}