{"id":54583,"date":"2017-06-30T02:26:08","date_gmt":"2017-06-29T23:26:08","guid":{"rendered":"https:\/\/www.jaicom.com\/?page_id=54583"},"modified":"2023-10-18T16:57:05","modified_gmt":"2023-10-18T13:57:05","slug":"tietoa-meista","status":"publish","type":"page","link":"https:\/\/www.jaicom.com\/fi\/tietoa-meista\/","title":{"rendered":"Tietoa meist\u00e4"},"content":{"rendered":"<p>[vc_row row_height_percent=&#8221;20&#8243; override_padding=&#8221;yes&#8221; h_padding=&#8221;2&#8243; top_padding=&#8221;4&#8243; bottom_padding=&#8221;4&#8243; overlay_alpha=&#8221;50&#8243; gutter_size=&#8221;4&#8243; shift_y=&#8221;0&#8243;][vc_column width=&#8221;7\/12&#8243;][vc_column_text uncode_shortcode_id=&#8221;192615&#8243;]<\/p>\n<h2>Atex Software Oy<\/h2>\n<p>Atex Software on Pohjoismaiden johtava asiakashallintaj\u00e4rjestelmi\u00e4 tarjoava yritys. Markkinoiden kattavin palvelu- ja tuotevalikoima sis\u00e4lt\u00e4\u00e4 ohjelmistojen lis\u00e4ksi monipuoliset palvelut sanoma- ja aikakausilehtien kustantajille sek\u00e4 yhteis\u00f6ille.<\/p>\n<h4>Kansainv\u00e4linen toimija<\/h4>\n<p>Yli 400 julkaisua k\u00e4ytt\u00e4\u00e4 tilaus- ja jakelutoiminnoissaan meid\u00e4n tuotteita ja palveluja. Yrityksell\u00e4 onkin toimipisteet kymmenell\u00e4 paikkakunnalla Pohjoismaissa sek\u00e4 toimintaa useissa muissa Euroopan maissa, kuten Englannissa ja Saksassa. Tarjoamme valmiiden tuotteiden lis\u00e4ksi my\u00f6s ohjelmistosuunnittelupalveluja.<\/p>\n<h4>Vahva kumppaniverkosto<\/h4>\n<p>Parhaan ja joustavimman palvelun takaamiseksi asiakkaillemme Atex Softwarella on pitk\u00e4aikainen kumppaniverkosto merkitt\u00e4vien teknologiatoimittajien kanssa.[\/vc_column_text][\/vc_column][vc_column width=&#8221;5\/12&#8243;][uncode_block id=&#8221;55889&#8243; inside_column=&#8221;yes&#8221;][vc_row_inner][vc_column_inner width=&#8221;1\/2&#8243;][\/vc_column_inner][vc_column_inner width=&#8221;1\/2&#8243;][\/vc_column_inner][\/vc_row_inner][\/vc_column][\/vc_row]<\/p>\n","protected":false},"excerpt":{"rendered":"<p>[vc_row row_height_percent=&#8221;20&#8243; override_padding=&#8221;yes&#8221; h_padding=&#8221;2&#8243; top_padding=&#8221;4&#8243; bottom_padding=&#8221;4&#8243; overlay_alpha=&#8221;50&#8243; gutter_size=&#8221;4&#8243; shift_y=&#8221;0&#8243;][vc_column width=&#8221;7\/12&#8243;][vc_column_text uncode_shortcode_id=&#8221;192615&#8243;] Atex Software Oy Atex Software on Pohjoismaiden johtava asiakashallintaj\u00e4rjestelmi\u00e4 [&hellip;]<\/p>\n","protected":false},"author":1,"featured_media":0,"parent":0,"menu_order":0,"comment_status":"closed","ping_status":"closed","template":"","meta":{"footnotes":""},"class_list":["post-54583","page","type-page","status-publish","hentry"],"_links":{"self":[{"href":"https:\/\/www.jaicom.com\/fi\/wp-json\/wp\/v2\/pages\/54583","targetHints":{"allow":["GET"]}}],"collection":[{"href":"https:\/\/www.jaicom.com\/fi\/wp-json\/wp\/v2\/pages"}],"about":[{"href":"https:\/\/www.jaicom.com\/fi\/wp-json\/wp\/v2\/types\/page"}],"author":[{"embeddable":true,"href":"https:\/\/www.jaicom.com\/fi\/wp-json\/wp\/v2\/users\/1"}],"replies":[{"embeddable":true,"href":"https:\/\/www.jaicom.com\/fi\/wp-json\/wp\/v2\/comments?post=54583"}],"version-history":[{"count":20,"href":"https:\/\/www.jaicom.com\/fi\/wp-json\/wp\/v2\/pages\/54583\/revisions"}],"predecessor-version":[{"id":57585,"href":"https:\/\/www.jaicom.com\/fi\/wp-json\/wp\/v2\/pages\/54583\/revisions\/57585"}],"wp:attachment":[{"href":"https:\/\/www.jaicom.com\/fi\/wp-json\/wp\/v2\/media?parent=54583"}],"curies":[{"name":"wp","href":"https:\/\/api.w.org\/{rel}","templated":true}]}}