{"id":54528,"date":"2017-06-28T10:15:50","date_gmt":"2017-06-28T07:15:50","guid":{"rendered":"https:\/\/www.jaicom.com\/?page_id=54528"},"modified":"2025-01-31T15:01:15","modified_gmt":"2025-01-31T13:01:15","slug":"v5-images-2","status":"publish","type":"page","link":"https:\/\/www.jaicom.com\/fi\/","title":{"rendered":"Etusivu"},"content":{"rendered":"<p>[vc_row row_height_percent=&#8221;20&#8243; override_padding=&#8221;yes&#8221; h_padding=&#8221;2&#8243; top_padding=&#8221;4&#8243; bottom_padding=&#8221;4&#8243; overlay_alpha=&#8221;50&#8243; gutter_size=&#8221;3&#8243; shift_y=&#8221;0&#8243;][vc_column column_width_percent=&#8221;100&#8243; position_horizontal=&#8221;left&#8221; gutter_size=&#8221;2&#8243; overlay_alpha=&#8221;50&#8243; shift_x=&#8221;0&#8243; shift_y=&#8221;0&#8243; z_index=&#8221;0&#8243; medium_width=&#8221;4&#8243; zoom_width=&#8221;0&#8243; zoom_height=&#8221;0&#8243; width=&#8221;7\/12&#8243;][vc_custom_heading text_color=&#8221;color-932394&#8243; uncode_shortcode_id=&#8221;121486&#8243; text_color_type=&#8221;uncode-palette&#8221;]Jaicomin nimi on muuttunut ja olemme nyt Atex Software Oy[\/vc_custom_heading][vc_column_text]Olemme osa Atex Global Media konsernia ja kotisivumme integroidaan konsernin sivuihin l\u00e4hiaikoina.<br \/>\nTutustu Atexin ratkaisuihin ja tuotteisiin <a href=\"https:\/\/www.atex.com\/\" target=\"_blank\" rel=\"noopener\"> www.atex.com<\/a>[\/vc_column_text][vc_separator sep_color=&#8221;color-681190&#8243;][vc_custom_heading text_color=&#8221;color-932394&#8243; subheading=&#8221;Tarjoamme markkinoiden kattavimman palvelu- ja tuotevalikoiman asiakkuuksien hallintaan kustantajille ja yhteis\u00f6ille. R\u00e4\u00e4t\u00e4l\u00f6imme tarpeiden mukaan sopivimman ratkaisun asiakkaidemme tilausten hallintaan ja asiakaspalvelun kehitt\u00e4miseen. Valmiiden tuotteidemme lis\u00e4ksi tarjoamme my\u00f6s r\u00e4\u00e4t\u00e4l\u00f6ityj\u00e4 j\u00e4rjestelm\u00e4- ja ohjelmistosuunnittelupalveluita sek\u00e4 integraatioratkaisuja asiakkaan olemassa oleviin j\u00e4rjestelmiin.&#8221;]Kokonaisvaltaista palvelua asiakkuuksien hallintaan[\/vc_custom_heading][\/vc_column][vc_column column_width_percent=&#8221;100&#8243; position_horizontal=&#8221;left&#8221; gutter_size=&#8221;2&#8243; override_padding=&#8221;yes&#8221; column_padding=&#8221;0&#8243; overlay_alpha=&#8221;50&#8243; shift_x=&#8221;0&#8243; shift_y=&#8221;0&#8243; z_index=&#8221;0&#8243; medium_width=&#8221;4&#8243; zoom_width=&#8221;0&#8243; zoom_height=&#8221;0&#8243; width=&#8221;5\/12&#8243;][uncode_block id=&#8221;55889&#8243; inside_column=&#8221;yes&#8221;][vc_row_inner row_inner_height_percent=&#8221;0&#8243; overlay_alpha=&#8221;50&#8243; gutter_size=&#8221;2&#8243; shift_y=&#8221;0&#8243;][vc_column_inner width=&#8221;1\/1&#8243;][vc_button button_color=&#8221;color-832062&#8243; wide=&#8221;yes&#8221; border_width=&#8221;0&#8243; link=&#8221;url:https%3A%2F%2Fatex.odc.fi|target:_blank&#8221; button_color_type=&#8221;uncode-palette&#8221; uncode_shortcode_id=&#8221;186283&#8243;]Private Cloud Service atex.odc.fi[\/vc_button][\/vc_column_inner][\/vc_row_inner][vc_row_inner row_inner_height_percent=&#8221;0&#8243; overlay_alpha=&#8221;50&#8243; gutter_size=&#8221;2&#8243; shift_y=&#8221;0&#8243;][vc_column_inner width=&#8221;1\/2&#8243;][vc_button button_color=&#8221;color-832062&#8243; wide=&#8221;yes&#8221; border_width=&#8221;0&#8243; link=&#8221;url:http%3A%2F%2Fextra.jaicom.com%2F|target:_blank&#8221; button_color_type=&#8221;uncode-palette&#8221; uncode_shortcode_id=&#8221;174506&#8243;]Extranet[\/vc_button][\/vc_column_inner][vc_column_inner width=&#8221;1\/2&#8243;][vc_button button_color=&#8221;color-832062&#8243; wide=&#8221;yes&#8221; link=&#8221;url:http%3A%2F%2Fkayak.jaicom.com%2F||target:%20_blank|&#8221;]Online help[\/vc_button][\/vc_column_inner][\/vc_row_inner][\/vc_column][\/vc_row][vc_row row_height_percent=&#8221;0&#8243; override_padding=&#8221;yes&#8221; h_padding=&#8221;2&#8243; top_padding=&#8221;2&#8243; bottom_padding=&#8221;2&#8243; back_color=&#8221;color-681190&#8243; overlay_alpha=&#8221;0&#8243; gutter_size=&#8221;0&#8243; shift_y=&#8221;0&#8243; el_class=&#8221;left&#8221;][vc_column column_width_percent=&#8221;100&#8243; position_horizontal=&#8221;left&#8221; position_vertical=&#8221;middle&#8221; gutter_size=&#8221;3&#8243; style=&#8221;dark&#8221; overlay_alpha=&#8221;50&#8243; shift_x=&#8221;0&#8243; shift_y=&#8221;0&#8243; z_index=&#8221;0&#8243; medium_width=&#8221;0&#8243; width=&#8221;1\/1&#8243;][vc_custom_heading text_color=&#8221;color-932394&#8243;]RATKAISUMME[\/vc_custom_heading][\/vc_column][\/vc_row][vc_row row_height_percent=&#8221;0&#8243; back_color=&#8221;color-xsdn&#8221; overlay_alpha=&#8221;80&#8243; gutter_size=&#8221;3&#8243; shift_y=&#8221;0&#8243;][vc_column column_width_percent=&#8221;100&#8243; position_vertical=&#8221;middle&#8221; gutter_size=&#8221;3&#8243; overlay_alpha=&#8221;50&#8243; shift_x=&#8221;0&#8243; shift_y=&#8221;0&#8243; z_index=&#8221;0&#8243; medium_width=&#8221;0&#8243; width=&#8221;7\/12&#8243;][vc_column_text uncode_shortcode_id=&#8221;144276&#8243;]<\/p>\n<h2>Monikanavainen asiakashallintaj\u00e4rjestelm\u00e4 kaikenkokoisille kustantajille<\/h2>\n<p><strong>Kayak-j\u00e4rjestelm\u00e4<\/strong> on laaja kokonaisuus tilausten, levikin ja jakelun hallintaan. Sen avulla hoidat yrityksesi asiakaspalvelun, laskutuksen, reskontran, markkinoinnin, myynnin, kuljetukset ja raportoinnin. Se sopii sek\u00e4 perinteiselle printtimedialle ett\u00e4 digitaaliselle medialle; sanomalehdille, aikakauslehdille ja s\u00e4hk\u00f6isille julkaisuille.[\/vc_column_text][vc_button button_color=&#8221;color-932394&#8243; border_width=&#8221;0&#8243; link=&#8221;url:https%3A%2F%2Fwww.jaicom.com%2Ffi%2Fpalvelut%2Fasiakashallintajarjestelma%2F|title:Asiakashallintaj%C3%A4rjestelm%C3%A4&#8243; button_color_type=&#8221;uncode-palette&#8221; uncode_shortcode_id=&#8221;949286&#8243;]Kayak asiakashallinta \u00bb[\/vc_button][\/vc_column][vc_column width=&#8221;5\/12&#8243;][vc_single_image media=&#8221;55409&#8243; media_width_percent=&#8221;100&#8243;][\/vc_column][\/vc_row][vc_row row_height_percent=&#8221;0&#8243; back_color=&#8221;color-681190&#8243; overlay_alpha=&#8221;100&#8243; gutter_size=&#8221;3&#8243; shift_y=&#8221;0&#8243;][vc_column column_width_percent=&#8221;100&#8243; position_vertical=&#8221;middle&#8221; gutter_size=&#8221;3&#8243; overlay_alpha=&#8221;50&#8243; shift_x=&#8221;0&#8243; shift_y=&#8221;0&#8243; z_index=&#8221;0&#8243; medium_width=&#8221;0&#8243; width=&#8221;7\/12&#8243;][vc_column_text]<\/p>\n<h2>Tehosta asiakaspalveluasi ulkoistamalla<\/h2>\n<p>Tarjoamme kustantajille ja muille yhteis\u00f6ille kokonaisvaltaista ulkoistuspalvelua asiakkuuksien hallinnointiin. Palvelutarjontaan sis\u00e4ltyy kaikki asiakas- ja tilaajapalveluun liittyv\u00e4t toiminnot eri kanavissa sek\u00e4 kattava raportointi[\/vc_column_text][vc_button button_color=&#8221;color-932394&#8243; border_width=&#8221;0&#8243; link=&#8221;url:https%3A%2F%2Fwww.jaicom.com%2Ffi%2Fpalvelut%2Fulkoistettu-asiakaspalvelu-2%2F|title:Ulkoistettu%20asiakaspalvelu&#8221; button_color_type=&#8221;uncode-palette&#8221; uncode_shortcode_id=&#8221;186333&#8243;]Ulkoistettu Asiakaspalvelu \u00bb[\/vc_button][\/vc_column][vc_column width=&#8221;5\/12&#8243;][vc_single_image media=&#8221;55405&#8243; media_width_percent=&#8221;100&#8243;][\/vc_column][\/vc_row][vc_row row_height_percent=&#8221;0&#8243; back_color=&#8221;color-681190&#8243; overlay_alpha=&#8221;0&#8243; gutter_size=&#8221;3&#8243; shift_y=&#8221;0&#8243;][vc_column column_width_percent=&#8221;100&#8243; position_horizontal=&#8221;left&#8221; position_vertical=&#8221;middle&#8221; align_horizontal=&#8221;align_right&#8221; gutter_size=&#8221;3&#8243; overlay_alpha=&#8221;50&#8243; shift_x=&#8221;0&#8243; shift_y=&#8221;0&#8243; z_index=&#8221;0&#8243; medium_width=&#8221;0&#8243; width=&#8221;1\/1&#8243;][vc_button button_color=&#8221;color-932394&#8243; size=&#8221;btn-xl&#8221; border_width=&#8221;0&#8243; el_class=&#8221;hundred&#8221; link=&#8221;url:https%3A%2F%2Fwww.jaicom.com%2Ffi%2Fpalvelut%2F|title:Palvelut&#8221; button_color_type=&#8221;uncode-palette&#8221; uncode_shortcode_id=&#8221;186109&#8243;]Katso kaikki palvelut \u00bb[\/vc_button][\/vc_column][\/vc_row][vc_row row_height_percent=&#8221;0&#8243; override_padding=&#8221;yes&#8221; h_padding=&#8221;2&#8243; top_padding=&#8221;2&#8243; bottom_padding=&#8221;0&#8243; overlay_color=&#8221;color-xsdn&#8221; overlay_alpha=&#8221;80&#8243; gutter_size=&#8221;0&#8243; shift_y=&#8221;0&#8243; el_class=&#8221;left&#8221;][vc_column column_width_percent=&#8221;100&#8243; position_horizontal=&#8221;left&#8221; position_vertical=&#8221;middle&#8221; gutter_size=&#8221;3&#8243; style=&#8221;dark&#8221; overlay_alpha=&#8221;50&#8243; shift_x=&#8221;0&#8243; shift_y=&#8221;0&#8243; z_index=&#8221;0&#8243; medium_width=&#8221;0&#8243; width=&#8221;1\/1&#8243;][vc_custom_heading text_height=&#8221;fontheight-179065&#8243;]<\/p>\n<h2 style=\"text-align: left !important;\"><span lang=\"FI\">REFERENSSEJ\u00c4<\/span><\/h2>\n<p>[\/vc_custom_heading][\/vc_column][\/vc_row][vc_row row_height_percent=&#8221;0&#8243; override_padding=&#8221;yes&#8221; h_padding=&#8221;2&#8243; top_padding=&#8221;0&#8243; bottom_padding=&#8221;0&#8243; overlay_alpha=&#8221;50&#8243; equal_height=&#8221;yes&#8221; gutter_size=&#8221;0&#8243; shift_y=&#8221;0&#8243; css=&#8221;.vc_custom_1502373263527{padding-top: 20px !important;padding-right: 20px !important;padding-bottom: 20px !important;padding-left: 20px !important;}&#8221;][vc_column column_width_percent=&#8221;100&#8243; gutter_size=&#8221;3&#8243; back_color=&#8221;color-932394&#8243; overlay_alpha=&#8221;50&#8243; shift_x=&#8221;0&#8243; shift_y=&#8221;0&#8243; z_index=&#8221;0&#8243; medium_width=&#8221;0&#8243; width=&#8221;1\/3&#8243;][vc_column_text]<span style=\"color: #ffffff;\">&#8221;Jaicomin Kayak-j\u00e4rjestelm\u00e4 otettiin k\u00e4ytt\u00f6\u00f6n kaikissa tilattavissa lehdiss\u00e4mme kev\u00e4\u00e4ll\u00e4 2011. K\u00e4ytt\u00f6\u00f6nottoprojekti eteni aikataulun ja budjetin mukaisesti, mik\u00e4 on osoitus Jaicomin vahvasta liiketoimintaosaamisesta tilausj\u00e4rjestelm\u00e4ratkaisun toimittajana. J\u00e4rjestelm\u00e4n integrointi muihin j\u00e4rjestelmiimme kuten CRM-ratkaisuumme oli helppoa Kayakin tarjoaman rajapinnan avulla. Olemme my\u00f6s omalta osaltamme osallistuneet j\u00e4rjestelm\u00e4n kehitt\u00e4miseen yhdess\u00e4 muiden j\u00e4rjestelm\u00e4\u00e4 k\u00e4ytt\u00e4vien mediatalojen kanssa ja t\u00e4m\u00e4 yhteisty\u00f6 yhdess\u00e4 tuotepohjaisen j\u00e4rjestelm\u00e4n kanssa on tuonut kustannuss\u00e4\u00e4st\u00f6j\u00e4 kaikille osapuolille. Jaicomin kanssa on ollut mutkatonta toimia niin projekteissa kuin tukiasioissakin.&#8221;<\/span><br \/>\n<span style=\"color: #ffffff;\"><em>Jari Lehti\u00f6 ICT-Manager TS-Yhtym\u00e4 Oy<\/em><\/span>[\/vc_column_text][\/vc_column][vc_column column_width_percent=&#8221;100&#8243; gutter_size=&#8221;3&#8243; back_color=&#8221;color-366523&#8243; overlay_alpha=&#8221;50&#8243; shift_x=&#8221;0&#8243; shift_y=&#8221;0&#8243; z_index=&#8221;0&#8243; medium_width=&#8221;0&#8243; width=&#8221;1\/3&#8243;][vc_column_text el_class=&#8221;white&#8221;]&#8221;Olemme ulkoistaneet Viini-lehden asiakaspalvelun Jaicomille. Asiakaspalvelu koostuu tilaaja-, laskutus- ja pankkipalveluista sek\u00e4 kattavista raporteista.<br \/>\nJaicomin asiakaspalvelu on asiantuntevaa, yst\u00e4v\u00e4llist\u00e4 ja nopeaa.Jaicom on luotettava yhteisty\u00f6kumppani ja olen eritt\u00e4in tyytyv\u00e4inen yhteisty\u00f6h\u00f6mme.&#8221;<br \/>\n<em>Viinilehti Oy:n markkinointip\u00e4\u00e4llikk\u00f6 Ulla Sidorow<\/em>[\/vc_column_text][\/vc_column][vc_column column_width_percent=&#8221;100&#8243; gutter_size=&#8221;3&#8243; back_color=&#8221;color-289342&#8243; overlay_alpha=&#8221;50&#8243; shift_x=&#8221;0&#8243; shift_y=&#8221;0&#8243; z_index=&#8221;0&#8243; desktop_visibility=&#8221;yes&#8221; medium_visibility=&#8221;yes&#8221; medium_width=&#8221;0&#8243; mobile_visibility=&#8221;yes&#8221; width=&#8221;1\/3&#8243;][vc_column_text]&#8221;Olemme ulkoistaneet Viini-lehden asiakaspalvelun Jaicomille.<br \/>\nAsiakaspalvelu koostuu tilaaja-, laskutus- ja pankkipalveluista sek\u00e4 kattavista raporteista.<br \/>\nJaicomin asiakaspalvelu on asiantuntevaa, yst\u00e4v\u00e4llist\u00e4 ja nopeaa.<br \/>\nJaicom on luotettava yhteisty\u00f6kumppani ja olen eritt\u00e4in tyytyv\u00e4inen yhteisty\u00f6h\u00f6mme.&#8221;<br \/>\n<em>Viinilehti Oy:n markkinointip\u00e4\u00e4llikk\u00f6 Ulla Sidorow.<\/em>[\/vc_column_text][\/vc_column][\/vc_row][vc_row row_height_percent=&#8221;0&#8243; override_padding=&#8221;yes&#8221; h_padding=&#8221;2&#8243; top_padding=&#8221;0&#8243; bottom_padding=&#8221;0&#8243; overlay_alpha=&#8221;50&#8243; equal_height=&#8221;yes&#8221; gutter_size=&#8221;0&#8243; shift_y=&#8221;0&#8243; css=&#8221;.vc_custom_1502373263527{padding-top: 20px !important;padding-right: 20px !important;padding-bottom: 20px !important;padding-left: 20px !important;}&#8221;][vc_column column_width_percent=&#8221;100&#8243; gutter_size=&#8221;3&#8243; overlay_alpha=&#8221;50&#8243; shift_x=&#8221;0&#8243; shift_y=&#8221;0&#8243; z_index=&#8221;0&#8243; medium_width=&#8221;0&#8243; width=&#8221;1\/3&#8243;][vc_button button_color=&#8221;color-932394&#8243; link=&#8221;url:https%3A%2F%2Fjaicom-com.hel7.wp-cloud.dev%2Fasiakkaat%2F|||&#8221;]Asiakkaitamme \u00bb[\/vc_button][\/vc_column][\/vc_row][vc_row row_height_percent=&#8221;0&#8243; override_padding=&#8221;yes&#8221; h_padding=&#8221;2&#8243; top_padding=&#8221;2&#8243; bottom_padding=&#8221;1&#8243; back_color=&#8221;color-681190&#8243; overlay_color=&#8221;color-xsdn&#8221; overlay_alpha=&#8221;80&#8243; gutter_size=&#8221;0&#8243; shift_y=&#8221;0&#8243; el_class=&#8221;left&#8221;][vc_column column_width_percent=&#8221;100&#8243; position_horizontal=&#8221;left&#8221; position_vertical=&#8221;middle&#8221; gutter_size=&#8221;3&#8243; style=&#8221;dark&#8221; overlay_alpha=&#8221;50&#8243; shift_x=&#8221;0&#8243; shift_y=&#8221;0&#8243; z_index=&#8221;0&#8243; medium_width=&#8221;0&#8243; width=&#8221;1\/1&#8243;][vc_custom_heading text_height=&#8221;fontheight-578034&#8243;]<\/p>\n<h2 style=\"text-align: left !important;\">UUTISIA<\/h2>\n<p>[\/vc_custom_heading][uncode_index el_id=&#8221;index-146145&#8243; isotope_mode=&#8221;fitRows&#8221; loop=&#8221;size:4|order_by:date|post_type:post&#8221; style_preset=&#8221;metro&#8221; screen_lg=&#8221;1000&#8243; screen_md=&#8221;600&#8243; screen_sm=&#8221;480&#8243; gutter_size=&#8221;3&#8243; post_items=&#8221;date,title,text|full|260,link|default&#8221; single_width=&#8221;3&#8243; single_height=&#8221;3&#8243; single_overlay_opacity=&#8221;50&#8243; single_padding=&#8221;1&#8243; single_text_reduced=&#8221;yes&#8221;][\/vc_column][\/vc_row]<\/p>\n","protected":false},"excerpt":{"rendered":"<p>[vc_row row_height_percent=&#8221;20&#8243; override_padding=&#8221;yes&#8221; h_padding=&#8221;2&#8243; top_padding=&#8221;4&#8243; bottom_padding=&#8221;4&#8243; overlay_alpha=&#8221;50&#8243; gutter_size=&#8221;3&#8243; shift_y=&#8221;0&#8243;][vc_column column_width_percent=&#8221;100&#8243; position_horizontal=&#8221;left&#8221; gutter_size=&#8221;2&#8243; overlay_alpha=&#8221;50&#8243; shift_x=&#8221;0&#8243; shift_y=&#8221;0&#8243; z_index=&#8221;0&#8243; medium_width=&#8221;4&#8243; zoom_width=&#8221;0&#8243; zoom_height=&#8221;0&#8243; width=&#8221;7\/12&#8243;][vc_custom_heading [&hellip;]<\/p>\n","protected":false},"author":1,"featured_media":0,"parent":0,"menu_order":0,"comment_status":"open","ping_status":"closed","template":"","meta":{"footnotes":""},"class_list":["post-54528","page","type-page","status-publish","hentry"],"_links":{"self":[{"href":"https:\/\/www.jaicom.com\/fi\/wp-json\/wp\/v2\/pages\/54528","targetHints":{"allow":["GET"]}}],"collection":[{"href":"https:\/\/www.jaicom.com\/fi\/wp-json\/wp\/v2\/pages"}],"about":[{"href":"https:\/\/www.jaicom.com\/fi\/wp-json\/wp\/v2\/types\/page"}],"author":[{"embeddable":true,"href":"https:\/\/www.jaicom.com\/fi\/wp-json\/wp\/v2\/users\/1"}],"replies":[{"embeddable":true,"href":"https:\/\/www.jaicom.com\/fi\/wp-json\/wp\/v2\/comments?post=54528"}],"version-history":[{"count":20,"href":"https:\/\/www.jaicom.com\/fi\/wp-json\/wp\/v2\/pages\/54528\/revisions"}],"predecessor-version":[{"id":57639,"href":"https:\/\/www.jaicom.com\/fi\/wp-json\/wp\/v2\/pages\/54528\/revisions\/57639"}],"wp:attachment":[{"href":"https:\/\/www.jaicom.com\/fi\/wp-json\/wp\/v2\/media?parent=54528"}],"curies":[{"name":"wp","href":"https:\/\/api.w.org\/{rel}","templated":true}]}}