{"id":54487,"date":"2017-06-28T08:41:40","date_gmt":"2017-06-28T05:41:40","guid":{"rendered":"https:\/\/www.jaicom.com\/?page_id=54487"},"modified":"2024-02-02T16:35:23","modified_gmt":"2024-02-02T14:35:23","slug":"palvelut","status":"publish","type":"page","link":"https:\/\/www.jaicom.com\/fi\/palvelut\/","title":{"rendered":"Palvelut"},"content":{"rendered":"<p>[vc_row row_height_percent=&#8221;0&#8243; back_color=&#8221;color-xsdn&#8221; overlay_alpha=&#8221;80&#8243; gutter_size=&#8221;3&#8243; shift_y=&#8221;0&#8243;][vc_column column_width_percent=&#8221;100&#8243; position_vertical=&#8221;middle&#8221; gutter_size=&#8221;3&#8243; overlay_alpha=&#8221;50&#8243; shift_x=&#8221;0&#8243; shift_y=&#8221;0&#8243; z_index=&#8221;0&#8243; medium_width=&#8221;0&#8243; width=&#8221;7\/12&#8243;][vc_column_text uncode_shortcode_id=&#8221;778964&#8243;]<\/p>\n<h2>Monikanavainen asiakashallintaj\u00e4rjestelm\u00e4 kaikenkokoisille kustantajille<\/h2>\n<p>Atexin Kayak-j\u00e4rjestelm\u00e4 on laaja kokonaisuus tilausten, levikin ja jakelun hallintaan. Sen avulla hoidat yrityksesi asiakaspalvelun, laskutuksen, reskontran, markkinoinnin, myynnin, kuljetukset ja raportoinnin. Se sopii sek\u00e4 perinteiselle printtimedialle ett\u00e4 digitaaliselle medialle; sanomalehdille, aikakauslehdille ja s\u00e4hk\u00f6isille julkaisuille.[\/vc_column_text][vc_button button_color=&#8221;color-932394&#8243; border_width=&#8221;0&#8243; link=&#8221;url:https%3A%2F%2Fwww.jaicom.com%2Ffi%2Fpalvelut%2Fasiakashallintajarjestelma%2F|title:Asiakashallintaj%C3%A4rjestelm%C3%A4&#8243; button_color_type=&#8221;uncode-palette&#8221; uncode_shortcode_id=&#8221;721901&#8243;]Kayak asiakashallinta \u00bb[\/vc_button][\/vc_column][vc_column column_width_percent=&#8221;100&#8243; gutter_size=&#8221;3&#8243; overlay_alpha=&#8221;50&#8243; shift_x=&#8221;0&#8243; shift_y=&#8221;0&#8243; z_index=&#8221;0&#8243; medium_width=&#8221;0&#8243; width=&#8221;5\/12&#8243; el_class=&#8221;hidemobile&#8221;][vc_single_image media=&#8221;55409&#8243; media_width_percent=&#8221;100&#8243;][\/vc_column][\/vc_row][vc_row row_height_percent=&#8221;0&#8243; back_color=&#8221;color-681190&#8243; overlay_alpha=&#8221;100&#8243; gutter_size=&#8221;3&#8243; shift_y=&#8221;0&#8243;][vc_column column_width_percent=&#8221;100&#8243; position_vertical=&#8221;middle&#8221; gutter_size=&#8221;3&#8243; overlay_alpha=&#8221;50&#8243; shift_x=&#8221;0&#8243; shift_y=&#8221;0&#8243; z_index=&#8221;0&#8243; medium_width=&#8221;0&#8243; width=&#8221;7\/12&#8243;][vc_column_text]<\/p>\n<h2>Tehosta asiakaspalveluasi ulkoistamalla<\/h2>\n<p>Tarjoamme kustantajille ja muille yhteis\u00f6ille kokonaisvaltaista ulkoistuspalvelua asiakkuuksien hallinnointiin. Palvelutarjontaan sis\u00e4ltyy kaikki asiakas- ja tilaajapalveluun liittyv\u00e4t toiminnot eri kanavissa sek\u00e4 kattava raportointi[\/vc_column_text][vc_button button_color=&#8221;color-932394&#8243; border_width=&#8221;0&#8243; link=&#8221;url:https%3A%2F%2Fwww.jaicom.com%2Ffi%2Fpalvelut%2Fulkoistettu-asiakaspalvelu-2%2F|title:Ulkoistettu%20asiakaspalvelu&#8221; button_color_type=&#8221;uncode-palette&#8221; uncode_shortcode_id=&#8221;622500&#8243;]Ulkoistettu Asiakaspalvelu \u00bb[\/vc_button][\/vc_column][vc_column column_width_percent=&#8221;100&#8243; gutter_size=&#8221;3&#8243; overlay_alpha=&#8221;50&#8243; shift_x=&#8221;0&#8243; shift_y=&#8221;0&#8243; z_index=&#8221;0&#8243; medium_width=&#8221;0&#8243; width=&#8221;5\/12&#8243; el_class=&#8221;hidemobile&#8221;][vc_single_image media=&#8221;55405&#8243; media_width_percent=&#8221;100&#8243;][\/vc_column][\/vc_row][vc_row row_height_percent=&#8221;0&#8243; back_color=&#8221;color-681190&#8243; overlay_alpha=&#8221;100&#8243; gutter_size=&#8221;3&#8243; shift_y=&#8221;0&#8243;][vc_column column_width_percent=&#8221;100&#8243; position_vertical=&#8221;middle&#8221; gutter_size=&#8221;3&#8243; overlay_alpha=&#8221;50&#8243; shift_x=&#8221;0&#8243; shift_y=&#8221;0&#8243; z_index=&#8221;0&#8243; medium_width=&#8221;0&#8243; width=&#8221;7\/12&#8243;][vc_column_text]<\/p>\n<h2>Tulostuspalvelut<\/h2>\n<p>Oletko l\u00e4hett\u00e4m\u00e4ss\u00e4 laskuja, j\u00e4senkirjeit\u00e4 tai tilaajalahjoja? Anna meid\u00e4n hoitaa l\u00e4hetysrutiinit puolestasi.<\/p>\n<p>[\/vc_column_text][vc_button button_color=&#8221;color-932394&#8243; border_width=&#8221;0&#8243; link=&#8221;url:https%3A%2F%2Fwww.jaicom.com%2Ffi%2Fpalvelut%2Ftulostuspalvelut%2F|title:Tulostuspalvelut&#8221; button_color_type=&#8221;uncode-palette&#8221; uncode_shortcode_id=&#8221;104411&#8243;]Tulostuspalvelut \u00bb[\/vc_button][\/vc_column][vc_column column_width_percent=&#8221;100&#8243; gutter_size=&#8221;3&#8243; overlay_alpha=&#8221;50&#8243; shift_x=&#8221;0&#8243; shift_y=&#8221;0&#8243; z_index=&#8221;0&#8243; medium_width=&#8221;0&#8243; width=&#8221;5\/12&#8243; el_class=&#8221;hidemobile&#8221;][vc_single_image media=&#8221;55403&#8243; media_width_percent=&#8221;100&#8243;][\/vc_column][\/vc_row][vc_row row_height_percent=&#8221;0&#8243; back_color=&#8221;color-xsdn&#8221; overlay_alpha=&#8221;100&#8243; gutter_size=&#8221;3&#8243; shift_y=&#8221;0&#8243;][vc_column column_width_percent=&#8221;100&#8243; position_vertical=&#8221;middle&#8221; gutter_size=&#8221;3&#8243; overlay_alpha=&#8221;50&#8243; shift_x=&#8221;0&#8243; shift_y=&#8221;0&#8243; z_index=&#8221;0&#8243; medium_width=&#8221;0&#8243; width=&#8221;7\/12&#8243;][vc_column_text]<\/p>\n<h2>Hosting- ja konesalipalvelut<\/h2>\n<p><strong>Turvallinen ja korkealaatuinen vaihtoehto omalle palvelintilalle<\/strong><\/p>\n<p>Tarjoamme korkealaatuisia konesali- ja pilvipalveluita yritysten liiketoiminnan tehostamiseksi ja turvaamiseksi. Konesalipalvelumme soveltuvat yrityksille, jotka eiv\u00e4t halua investoida omiin laitetiloihin tai jotka haluavat turvallisen ja varmistetun\u00a0sijainnin omille laitteilleen.[\/vc_column_text][vc_button button_color=&#8221;color-932394&#8243; border_width=&#8221;0&#8243; link=&#8221;url:https%3A%2F%2Fwww.jaicom.com%2Ffi%2Fpalvelut%2Fhosting-ja-konesalipalvelut%2F|title:Hosting-%20ja%20konesalipalvelut&#8221; button_color_type=&#8221;uncode-palette&#8221; uncode_shortcode_id=&#8221;207512&#8243;]Hosting- ja konesalipalvelut \u00bb[\/vc_button][\/vc_column][vc_column column_width_percent=&#8221;100&#8243; gutter_size=&#8221;3&#8243; overlay_alpha=&#8221;50&#8243; shift_x=&#8221;0&#8243; shift_y=&#8221;0&#8243; z_index=&#8221;0&#8243; medium_width=&#8221;0&#8243; width=&#8221;5\/12&#8243; el_class=&#8221;hidemobile&#8221;][vc_single_image media=&#8221;55401&#8243; media_width_percent=&#8221;100&#8243;][\/vc_column][\/vc_row]<\/p>\n","protected":false},"excerpt":{"rendered":"<p>[vc_row row_height_percent=&#8221;0&#8243; back_color=&#8221;color-xsdn&#8221; overlay_alpha=&#8221;80&#8243; gutter_size=&#8221;3&#8243; shift_y=&#8221;0&#8243;][vc_column column_width_percent=&#8221;100&#8243; position_vertical=&#8221;middle&#8221; gutter_size=&#8221;3&#8243; overlay_alpha=&#8221;50&#8243; shift_x=&#8221;0&#8243; shift_y=&#8221;0&#8243; z_index=&#8221;0&#8243; medium_width=&#8221;0&#8243; width=&#8221;7\/12&#8243;][vc_column_text uncode_shortcode_id=&#8221;778964&#8243;] Monikanavainen asiakashallintaj\u00e4rjestelm\u00e4 kaikenkokoisille kustantajille [&hellip;]<\/p>\n","protected":false},"author":1,"featured_media":0,"parent":0,"menu_order":0,"comment_status":"open","ping_status":"closed","template":"","meta":{"footnotes":""},"class_list":["post-54487","page","type-page","status-publish","hentry"],"_links":{"self":[{"href":"https:\/\/www.jaicom.com\/fi\/wp-json\/wp\/v2\/pages\/54487","targetHints":{"allow":["GET"]}}],"collection":[{"href":"https:\/\/www.jaicom.com\/fi\/wp-json\/wp\/v2\/pages"}],"about":[{"href":"https:\/\/www.jaicom.com\/fi\/wp-json\/wp\/v2\/types\/page"}],"author":[{"embeddable":true,"href":"https:\/\/www.jaicom.com\/fi\/wp-json\/wp\/v2\/users\/1"}],"replies":[{"embeddable":true,"href":"https:\/\/www.jaicom.com\/fi\/wp-json\/wp\/v2\/comments?post=54487"}],"version-history":[{"count":20,"href":"https:\/\/www.jaicom.com\/fi\/wp-json\/wp\/v2\/pages\/54487\/revisions"}],"predecessor-version":[{"id":57636,"href":"https:\/\/www.jaicom.com\/fi\/wp-json\/wp\/v2\/pages\/54487\/revisions\/57636"}],"wp:attachment":[{"href":"https:\/\/www.jaicom.com\/fi\/wp-json\/wp\/v2\/media?parent=54487"}],"curies":[{"name":"wp","href":"https:\/\/api.w.org\/{rel}","templated":true}]}}