{"id":54272,"date":"2017-04-11T23:25:35","date_gmt":"2017-04-11T20:25:35","guid":{"rendered":"https:\/\/www.jaicom.com\/?page_id=54272"},"modified":"2023-10-18T16:02:42","modified_gmt":"2023-10-18T13:02:42","slug":"ota-yhteytta","status":"publish","type":"page","link":"https:\/\/www.jaicom.com\/fi\/ota-yhteytta\/","title":{"rendered":"Ota yhteytt\u00e4"},"content":{"rendered":"<p>[vc_row row_height_percent=&#8221;0&#8243; overlay_alpha=&#8221;50&#8243; gutter_size=&#8221;4&#8243; shift_y=&#8221;0&#8243;][vc_column width=&#8221;1\/2&#8243;][vc_column_text border_color=&#8221;color-366523&#8243; uncode_shortcode_id=&#8221;127611&#8243; css=&#8221;.vc_custom_1697634080863{border-top-width: 1px !important;border-right-width: 1px !important;border-bottom-width: 1px !important;border-left-width: 1px !important;padding-top: 20px !important;padding-right: 20px !important;padding-bottom: 20px !important;padding-left: 20px !important;}&#8221; border_color_type=&#8221;uncode-palette&#8221;]<\/p>\n<h2>Palvelut yrityksille<\/h2>\n<h4>Myynti<\/h4>\n<table>\n<tbody>\n<tr>\n<td>Puh. 020 730 5501<\/td>\n<td><a class=\"btn btn-color-832062\" style=\"width: 30px !important; height: 20px; line-height: 0; padding: 10px 0px 4px 2px!important; margin: 0;\" href=\"mailto:sales.fi@atex.com\"><br \/>\n<i class=\"fa fa-envelope\"><\/i><br \/>\n<\/a><\/td>\n<\/tr>\n<\/tbody>\n<\/table>\n<h4>Tekninen tuki<\/h4>\n<p>Voit l\u00e4hett\u00e4\u00e4 asiakastukeen s\u00e4hk\u00f6postia oheisista linkeist\u00e4 tai ottaa yhteytt\u00e4 puhelimitse arkisin klo 8 &#8211; 16.<\/p>\n<table>\n<tbody>\n<tr>\n<td><strong>Service Desk<\/strong> (Kayak Help)<br \/>\nPuh. 020 730 5502<\/td>\n<td><a class=\"btn btn-color-832062\" style=\"width: 30px !important; height: 20px; line-height: 0; padding: 10px 0px 4px 2px!important; margin: 0;\" href=\"mailto:kayakhelp.fi@atex.com\"><br \/>\n<i class=\"fa fa-envelope\"><\/i><br \/>\n<\/a><\/td>\n<\/tr>\n<\/tbody>\n<\/table>\n<p>[\/vc_column_text][vc_accordion active_tab=&#8221;0&#8243; el_class=&#8221;oranssi&#8221;][vc_accordion_tab title=&#8221;Yhteydenottolomake&#8221; tab_id=&#8221;64186a24-f3b9-4&#8243;][vc_column_text]\n<div class=\"wpcf7 no-js\" id=\"wpcf7-f54010-o1\" lang=\"fi\" dir=\"ltr\" data-wpcf7-id=\"54010\">\n<div class=\"screen-reader-response\"><p role=\"status\" aria-live=\"polite\" aria-atomic=\"true\"><\/p> <ul><\/ul><\/div>\n<form action=\"\/fi\/wp-json\/wp\/v2\/pages\/54272#wpcf7-f54010-o1\" method=\"post\" class=\"wpcf7-form init\" aria-label=\"Yhteydenottolomake\" novalidate=\"novalidate\" data-status=\"init\">\n<fieldset class=\"hidden-fields-container\"><input type=\"hidden\" name=\"_wpcf7\" value=\"54010\" \/><input type=\"hidden\" name=\"_wpcf7_version\" value=\"6.1.5\" \/><input type=\"hidden\" name=\"_wpcf7_locale\" value=\"fi\" \/><input type=\"hidden\" name=\"_wpcf7_unit_tag\" value=\"wpcf7-f54010-o1\" \/><input type=\"hidden\" name=\"_wpcf7_container_post\" value=\"0\" \/><input type=\"hidden\" name=\"_wpcf7_posted_data_hash\" value=\"\" \/><input type=\"hidden\" name=\"_wpcf7_recaptcha_response\" value=\"\" \/>\n<\/fieldset>\n<p><label> Nimi (pakollinen)<br \/>\n<span class=\"wpcf7-form-control-wrap\" data-name=\"your-name\"><input size=\"40\" maxlength=\"400\" class=\"wpcf7-form-control wpcf7-text wpcf7-validates-as-required\" aria-required=\"true\" aria-invalid=\"false\" value=\"\" type=\"text\" name=\"your-name\" \/><\/span> <\/label>\n<\/p>\n<p><label> S\u00e4hk\u00f6posti (pakollinen)<br \/>\n<span class=\"wpcf7-form-control-wrap\" data-name=\"your-email\"><input size=\"40\" maxlength=\"400\" class=\"wpcf7-form-control wpcf7-email wpcf7-validates-as-required wpcf7-text wpcf7-validates-as-email\" aria-required=\"true\" aria-invalid=\"false\" value=\"\" type=\"email\" name=\"your-email\" \/><\/span> <\/label>\n<\/p>\n<p><label> Aihe<br \/>\n<span class=\"wpcf7-form-control-wrap\" data-name=\"your-subject\"><input size=\"40\" maxlength=\"400\" class=\"wpcf7-form-control wpcf7-text\" aria-invalid=\"false\" value=\"\" type=\"text\" name=\"your-subject\" \/><\/span> <\/label>\n<\/p>\n<p><label> Viesti<br \/>\n<span class=\"wpcf7-form-control-wrap\" data-name=\"your-message\"><textarea cols=\"40\" rows=\"10\" maxlength=\"2000\" class=\"wpcf7-form-control wpcf7-textarea\" aria-invalid=\"false\" name=\"your-message\"><\/textarea><\/span> <\/label>\n<\/p>\n\n<p><input class=\"wpcf7-form-control wpcf7-submit has-spinner\" type=\"submit\" value=\"L\u00e4het\u00e4\" \/>\n<\/p>\n<div class=\"style-light\">\n\t<p>T\u00e4m\u00e4 sivusto on suojattu reCAPTCHA:lla ja Googlen toimesta <a href=\"https:\/\/policies.google.com\/privacy\">tietosuojak\u00e4yt\u00e4nt\u00f6<\/a> and <a href=\"https:\/\/policies.google.com\/terms\"> k\u00e4ytt\u00f6ehdot <\/a> ovat voimassa.\n\t<\/p>\n<\/div><p style=\"display: none !important;\" class=\"akismet-fields-container\" data-prefix=\"_wpcf7_ak_\"><label>&#916;<textarea name=\"_wpcf7_ak_hp_textarea\" cols=\"45\" rows=\"8\" maxlength=\"100\"><\/textarea><\/label><input type=\"hidden\" id=\"ak_js_1\" name=\"_wpcf7_ak_js\" value=\"22\"\/><script>document.getElementById( \"ak_js_1\" ).setAttribute( \"value\", ( new Date() ).getTime() );<\/script><\/p><div class=\"wpcf7-response-output\" aria-hidden=\"true\"><\/div>\n<\/form>\n<\/div>\n[\/vc_column_text][\/vc_accordion_tab][\/vc_accordion][vc_column_text border_color=&#8221;color-366523&#8243; border_style=&#8221;solid&#8221; css=&#8221;.vc_custom_1510052473710{border-top-width: 1px !important;border-right-width: 1px !important;border-bottom-width: 1px !important;border-left-width: 1px !important;padding-top: 20px !important;padding-right: 20px !important;padding-bottom: 20px !important;padding-left: 20px !important;}&#8221;]<\/p>\n<h2>Palvelut kuluttaja-asiakkaille<\/h2>\n<p>Tilaajapalvelu<br \/>\nPuh. 03 4246 5340[\/vc_column_text][\/vc_column][vc_column width=&#8221;1\/2&#8243;][vc_column_text uncode_shortcode_id=&#8221;156697&#8243;]<\/p>\n<h4>Atex Software Oy<\/h4>\n<table>\n<tbody>\n<tr>\n<td>Puh. 020 730 5500<br \/>\nKauppiaantie 1, 90460 Oulunsalo<\/td>\n<td><a class=\"btn btn-color-832062\" style=\"width: 30px !important; height: 20px; line-height: 0; padding: 10px 0px 4px 2px!important; margin: 0;\" href=\"mailto:atexsoftware@atex.com\"><br \/>\n<i class=\"fa fa-envelope\"><\/i><br \/>\n<\/a><\/td>\n<\/tr>\n<\/tbody>\n<\/table>\n<h4>Hallinto ja talous<\/h4>\n<table>\n<tbody>\n<tr>\n<td>Puh. 020 730 5500<\/td>\n<td><a class=\"btn btn-color-832062\" style=\"width: 30px !important; height: 20px; line-height: 0; padding: 10px 0px 4px 2px!important; margin: 0;\" href=\"mailto:atexsoftware@atex.com\"><br \/>\n<i class=\"fa fa-envelope\"><\/i><br \/>\n<\/a><\/td>\n<\/tr>\n<\/tbody>\n<\/table>\n<p>OVT 003715341166<br \/>\nV\u00e4litt\u00e4j\u00e4tunnus 003721291126<\/p>\n<p><a href=\"https:\/\/www.jaicom.com\/jaicom-oyn-tietosuojaseloste\/\">Tietosuojaseloste \u00bb<\/a>[\/vc_column_text][vc_accordion active_tab=&#8221;0&#8243; el_class=&#8221;oranssi&#8221;][vc_accordion_tab title=&#8221;Aluetoimistot&#8221; tab_id=&#8221;d75f2c43-63ff-0&#8243;][vc_column_text uncode_shortcode_id=&#8221;199379&#8243;]<strong>Atex Software Oulu<br \/>\n<\/strong>Kauppiaantie 1, 90460 Oulunsalo<\/p>\n<p><strong>Atex Software Forssa<\/strong><br \/>\nPuuvillakatu 4 C 4, 30100 Forssa<\/p>\n<p><strong>Jaicom AB Stockholm<\/strong><br \/>\nTulegatan 45, 11353 Stockholm, Sweden[\/vc_column_text][\/vc_accordion_tab][\/vc_accordion][\/vc_column][\/vc_row]<\/p>\n","protected":false},"excerpt":{"rendered":"<p>[vc_row row_height_percent=&#8221;0&#8243; overlay_alpha=&#8221;50&#8243; gutter_size=&#8221;4&#8243; shift_y=&#8221;0&#8243;][vc_column width=&#8221;1\/2&#8243;][vc_column_text border_color=&#8221;color-366523&#8243; uncode_shortcode_id=&#8221;127611&#8243; css=&#8221;.vc_custom_1697634080863{border-top-width: 1px !important;border-right-width: 1px !important;border-bottom-width: 1px !important;border-left-width: 1px !important;padding-top: 20px !important;padding-right: 20px [&hellip;]<\/p>\n","protected":false},"author":1,"featured_media":0,"parent":0,"menu_order":0,"comment_status":"closed","ping_status":"closed","template":"","meta":{"footnotes":""},"class_list":["post-54272","page","type-page","status-publish","hentry"],"_links":{"self":[{"href":"https:\/\/www.jaicom.com\/fi\/wp-json\/wp\/v2\/pages\/54272","targetHints":{"allow":["GET"]}}],"collection":[{"href":"https:\/\/www.jaicom.com\/fi\/wp-json\/wp\/v2\/pages"}],"about":[{"href":"https:\/\/www.jaicom.com\/fi\/wp-json\/wp\/v2\/types\/page"}],"author":[{"embeddable":true,"href":"https:\/\/www.jaicom.com\/fi\/wp-json\/wp\/v2\/users\/1"}],"replies":[{"embeddable":true,"href":"https:\/\/www.jaicom.com\/fi\/wp-json\/wp\/v2\/comments?post=54272"}],"version-history":[{"count":20,"href":"https:\/\/www.jaicom.com\/fi\/wp-json\/wp\/v2\/pages\/54272\/revisions"}],"predecessor-version":[{"id":57567,"href":"https:\/\/www.jaicom.com\/fi\/wp-json\/wp\/v2\/pages\/54272\/revisions\/57567"}],"wp:attachment":[{"href":"https:\/\/www.jaicom.com\/fi\/wp-json\/wp\/v2\/media?parent=54272"}],"curies":[{"name":"wp","href":"https:\/\/api.w.org\/{rel}","templated":true}]}}